{"id":1997,"date":"2025-09-23T13:29:47","date_gmt":"2025-09-23T10:29:47","guid":{"rendered":"https:\/\/kontoyannilawfirm.gr\/?page_id=1997"},"modified":"2025-09-23T13:29:47","modified_gmt":"2025-09-23T10:29:47","slug":"droit-civil","status":"publish","type":"page","link":"https:\/\/kontoyannilawfirm.gr\/fr\/droit-civil\/","title":{"rendered":"Droit Civil"},"content":{"rendered":"<section class=\"l-section wpb_row height_medium\"><div class=\"l-section-h i-cf\"><div class=\"g-cols vc_row via_flex valign_top type_default stacking_default\"><div class=\"vc_col-sm-12 wpb_column vc_column_container\"><div class=\"vc_column-inner\"><div class=\"wpb_wrapper\"><div class=\"w-text us_custom_d6ccad83 has_text_color icon_atleft\"><span class=\"w-text-h\"><i class=\"fas fa-horizontal-rule\"><\/i><span class=\"w-text-value\">Droit Civil<\/span><\/span><\/div><div class=\"wpb_text_column\"><div class=\"wpb_wrapper\"><p>Le droit civil est la branche la plus importante du droit priv\u00e9, sur laquelle se sont d\u00e9velopp\u00e9s d\u2019autres domaines comme le droit commercial.<\/p>\n<p>Il r\u00e8gle les relations entre particuliers dans la vie sociale et \u00e9conomique de tous les jours. Il prot\u00e8ge aussi la personnalit\u00e9, la propri\u00e9t\u00e9 et la s\u00e9curit\u00e9 juridique des transactions.<\/p>\n<p>Le droit des obligations concerne les contrats et les devoirs, comme la vente, la donation et le mandat, ainsi que les r\u00e9clamations li\u00e9es aux d\u00e9lits ou \u00e0 l\u2019enrichissement injustifi\u00e9.<\/p>\n<p>Le droit des biens traite de la propri\u00e9t\u00e9, des hypoth\u00e8ques, des gages, de l\u2019enregistrement des actes et des actions en justice pour prot\u00e9ger les droits de propri\u00e9t\u00e9.<\/p>\n<p>Le droit de la famille s\u2019occupe du mariage, de la parent\u00e9, de l\u2019adoption, des pensions alimentaires entre proches et de la tutelle.<\/p>\n<p>Enfin, le droit des successions r\u00e8gle le transfert des biens apr\u00e8s un d\u00e9c\u00e8s, la part l\u00e9gale des h\u00e9ritiers, la possibilit\u00e9 de d\u00e9sh\u00e9riter, ainsi que les types de testaments.<\/p>\n<\/div><\/div><\/div><\/div><\/div><\/div><\/div><\/section>\n","protected":false},"excerpt":{"rendered":"Droit CivilLe droit civil est la branche la plus importante du droit priv\u00e9, sur laquelle se sont d\u00e9velopp\u00e9s d\u2019autres domaines comme le droit commercial. Il r\u00e8gle les relations entre particuliers dans la vie sociale et \u00e9conomique de tous les jours. Il prot\u00e8ge aussi la personnalit\u00e9, la propri\u00e9t\u00e9 et la s\u00e9curit\u00e9 juridique des transactions. Le droit...","protected":false},"author":3,"featured_media":0,"parent":0,"menu_order":0,"comment_status":"closed","ping_status":"closed","template":"","meta":{"footnotes":""},"class_list":["post-1997","page","type-page","status-publish","hentry"],"jetpack_sharing_enabled":true,"_links":{"self":[{"href":"https:\/\/kontoyannilawfirm.gr\/fr\/wp-json\/wp\/v2\/pages\/1997","targetHints":{"allow":["GET"]}}],"collection":[{"href":"https:\/\/kontoyannilawfirm.gr\/fr\/wp-json\/wp\/v2\/pages"}],"about":[{"href":"https:\/\/kontoyannilawfirm.gr\/fr\/wp-json\/wp\/v2\/types\/page"}],"author":[{"embeddable":true,"href":"https:\/\/kontoyannilawfirm.gr\/fr\/wp-json\/wp\/v2\/users\/3"}],"replies":[{"embeddable":true,"href":"https:\/\/kontoyannilawfirm.gr\/fr\/wp-json\/wp\/v2\/comments?post=1997"}],"version-history":[{"count":2,"href":"https:\/\/kontoyannilawfirm.gr\/fr\/wp-json\/wp\/v2\/pages\/1997\/revisions"}],"predecessor-version":[{"id":2000,"href":"https:\/\/kontoyannilawfirm.gr\/fr\/wp-json\/wp\/v2\/pages\/1997\/revisions\/2000"}],"wp:attachment":[{"href":"https:\/\/kontoyannilawfirm.gr\/fr\/wp-json\/wp\/v2\/media?parent=1997"}],"curies":[{"name":"wp","href":"https:\/\/api.w.org\/{rel}","templated":true}]}}