{"id":2005,"date":"2025-09-23T13:33:29","date_gmt":"2025-09-23T10:33:29","guid":{"rendered":"https:\/\/kontoyannilawfirm.gr\/?page_id=2005"},"modified":"2025-09-23T13:33:30","modified_gmt":"2025-09-23T10:33:30","slug":"mesures-conservatoires-de-justice","status":"publish","type":"page","link":"https:\/\/kontoyannilawfirm.gr\/fr\/mesures-conservatoires-de-justice\/","title":{"rendered":"Mesures Conservatoires de justice"},"content":{"rendered":"<section class=\"l-section wpb_row height_medium\"><div class=\"l-section-h i-cf\"><div class=\"g-cols vc_row via_flex valign_top type_default stacking_default\"><div class=\"vc_col-sm-12 wpb_column vc_column_container\"><div class=\"vc_column-inner\"><div class=\"wpb_wrapper\"><div class=\"w-text us_custom_d6ccad83 has_text_color icon_atleft\"><span class=\"w-text-h\"><i class=\"fas fa-horizontal-rule\"><\/i><span class=\"w-text-value\">Mesures Conservatoires de justice<\/span><\/span><\/div><div class=\"wpb_text_column\"><div class=\"wpb_wrapper\"><p>Les mesures conservatoires de justice ont pour but de prot\u00e9ger temporairement les droits d\u2019une personne jusqu\u2019\u00e0 la d\u00e9cision finale du tribunal, ce qui peut prendre plus de deux ans.<\/p>\n<p>Pour que le tribunal les accorde, il faut qu\u2019il existe un risque de perte ou de difficult\u00e9 dans l\u2019ex\u00e9cution d\u2019un droit.<\/p>\n<p>Les plus courantes sont la saisie conservatoire, la mise sous s\u00e9questre judiciaire d\u2019un bien, et les ordonnances provisoires (par exemple en droit de la famille, interdire \u00e0 une personne d\u2019approcher une autre).<\/p>\n<p>La proc\u00e9dure est rapide et une ordonnance provisoire peut \u00eatre d\u00e9livr\u00e9e en attendant la d\u00e9cision finale.<\/p>\n<p>Ces mesures restent valables jusqu\u2019au jugement. Elles sont un outil utile pour prot\u00e9ger une personne pendant un litige, surtout dans un monde o\u00f9 les situations changent rapidement.<\/p>\n<\/div><\/div><\/div><\/div><\/div><\/div><\/div><\/section>\n","protected":false},"excerpt":{"rendered":"Mesures Conservatoires de justiceLes mesures conservatoires de justice ont pour but de prot\u00e9ger temporairement les droits d\u2019une personne jusqu\u2019\u00e0 la d\u00e9cision finale du tribunal, ce qui peut prendre plus de deux ans. Pour que le tribunal les accorde, il faut qu\u2019il existe un risque de perte ou de difficult\u00e9 dans l\u2019ex\u00e9cution d\u2019un droit. Les plus...","protected":false},"author":3,"featured_media":0,"parent":0,"menu_order":0,"comment_status":"closed","ping_status":"closed","template":"","meta":{"footnotes":""},"class_list":["post-2005","page","type-page","status-publish","hentry"],"jetpack_sharing_enabled":true,"_links":{"self":[{"href":"https:\/\/kontoyannilawfirm.gr\/fr\/wp-json\/wp\/v2\/pages\/2005","targetHints":{"allow":["GET"]}}],"collection":[{"href":"https:\/\/kontoyannilawfirm.gr\/fr\/wp-json\/wp\/v2\/pages"}],"about":[{"href":"https:\/\/kontoyannilawfirm.gr\/fr\/wp-json\/wp\/v2\/types\/page"}],"author":[{"embeddable":true,"href":"https:\/\/kontoyannilawfirm.gr\/fr\/wp-json\/wp\/v2\/users\/3"}],"replies":[{"embeddable":true,"href":"https:\/\/kontoyannilawfirm.gr\/fr\/wp-json\/wp\/v2\/comments?post=2005"}],"version-history":[{"count":2,"href":"https:\/\/kontoyannilawfirm.gr\/fr\/wp-json\/wp\/v2\/pages\/2005\/revisions"}],"predecessor-version":[{"id":2007,"href":"https:\/\/kontoyannilawfirm.gr\/fr\/wp-json\/wp\/v2\/pages\/2005\/revisions\/2007"}],"wp:attachment":[{"href":"https:\/\/kontoyannilawfirm.gr\/fr\/wp-json\/wp\/v2\/media?parent=2005"}],"curies":[{"name":"wp","href":"https:\/\/api.w.org\/{rel}","templated":true}]}}