{"id":2013,"date":"2025-09-23T13:36:49","date_gmt":"2025-09-23T10:36:49","guid":{"rendered":"https:\/\/kontoyannilawfirm.gr\/?page_id=2013"},"modified":"2025-09-23T13:36:50","modified_gmt":"2025-09-23T10:36:50","slug":"droit-commercial","status":"publish","type":"page","link":"https:\/\/kontoyannilawfirm.gr\/fr\/droit-commercial\/","title":{"rendered":"Droit Commercial"},"content":{"rendered":"<section class=\"l-section wpb_row height_medium\"><div class=\"l-section-h i-cf\"><div class=\"g-cols vc_row via_flex valign_top type_default stacking_default\"><div class=\"vc_col-sm-12 wpb_column vc_column_container\"><div class=\"vc_column-inner\"><div class=\"wpb_wrapper\"><div class=\"w-text us_custom_d6ccad83 has_text_color icon_atleft\"><span class=\"w-text-h\"><i class=\"fas fa-horizontal-rule\"><\/i><span class=\"w-text-value\">Droit Commercial<\/span><\/span><\/div><div class=\"wpb_text_column\"><div class=\"wpb_wrapper\"><p>Le droit commercial est une partie essentielle du droit priv\u00e9 qui r\u00e8gle les relations issues des activit\u00e9s \u00e9conomiques.<\/p>\n<p>Il s\u2019applique aux commer\u00e7ants, aux entreprises et aux transactions commerciales. Il distingue le commer\u00e7ant du simple particulier et explique les avantages de la profession commerciale.<\/p>\n<p>Il comprend le droit des soci\u00e9t\u00e9s, qui organise la cr\u00e9ation, le fonctionnement et la dissolution des soci\u00e9t\u00e9s de personnes (comme la soci\u00e9t\u00e9 civile, la soci\u00e9t\u00e9 en nom collectif, la soci\u00e9t\u00e9 en commandite) et des soci\u00e9t\u00e9s de capitaux (comme la SA, la SARL, la soci\u00e9t\u00e9 priv\u00e9e).<\/p>\n<p>Il comprend aussi le droit des faillites, qui aujourd\u2019hui donne une seconde chance aux d\u00e9biteurs en difficult\u00e9 pour r\u00e9gler leurs dettes et r\u00e9int\u00e9grer la vie \u00e9conomique.<\/p>\n<p>Le droit commercial couvre \u00e9galement les effets de commerce comme les lettres de change et les ch\u00e8ques, qui assurent la circulation de l\u2019argent dans le commerce.<\/p>\n<p>Enfin, il inclut le droit de la concurrence, qui fixe les r\u00e8gles du jeu entre entreprises, et le droit de la propri\u00e9t\u00e9 intellectuelle, qui prot\u00e8ge les inventions et les brevets.<\/p>\n<\/div><\/div><\/div><\/div><\/div><\/div><\/div><\/section>\n","protected":false},"excerpt":{"rendered":"Droit CommercialLe droit commercial est une partie essentielle du droit priv\u00e9 qui r\u00e8gle les relations issues des activit\u00e9s \u00e9conomiques. Il s\u2019applique aux commer\u00e7ants, aux entreprises et aux transactions commerciales. Il distingue le commer\u00e7ant du simple particulier et explique les avantages de la profession commerciale. Il comprend le droit des soci\u00e9t\u00e9s, qui organise la cr\u00e9ation, le...","protected":false},"author":3,"featured_media":0,"parent":0,"menu_order":0,"comment_status":"closed","ping_status":"closed","template":"","meta":{"footnotes":""},"class_list":["post-2013","page","type-page","status-publish","hentry"],"jetpack_sharing_enabled":true,"_links":{"self":[{"href":"https:\/\/kontoyannilawfirm.gr\/fr\/wp-json\/wp\/v2\/pages\/2013","targetHints":{"allow":["GET"]}}],"collection":[{"href":"https:\/\/kontoyannilawfirm.gr\/fr\/wp-json\/wp\/v2\/pages"}],"about":[{"href":"https:\/\/kontoyannilawfirm.gr\/fr\/wp-json\/wp\/v2\/types\/page"}],"author":[{"embeddable":true,"href":"https:\/\/kontoyannilawfirm.gr\/fr\/wp-json\/wp\/v2\/users\/3"}],"replies":[{"embeddable":true,"href":"https:\/\/kontoyannilawfirm.gr\/fr\/wp-json\/wp\/v2\/comments?post=2013"}],"version-history":[{"count":1,"href":"https:\/\/kontoyannilawfirm.gr\/fr\/wp-json\/wp\/v2\/pages\/2013\/revisions"}],"predecessor-version":[{"id":2014,"href":"https:\/\/kontoyannilawfirm.gr\/fr\/wp-json\/wp\/v2\/pages\/2013\/revisions\/2014"}],"wp:attachment":[{"href":"https:\/\/kontoyannilawfirm.gr\/fr\/wp-json\/wp\/v2\/media?parent=2013"}],"curies":[{"name":"wp","href":"https:\/\/api.w.org\/{rel}","templated":true}]}}