{"id":2020,"date":"2025-09-23T13:41:03","date_gmt":"2025-09-23T10:41:03","guid":{"rendered":"https:\/\/kontoyannilawfirm.gr\/?page_id=2020"},"modified":"2025-09-23T13:59:18","modified_gmt":"2025-09-23T10:59:18","slug":"droit-cadastral","status":"publish","type":"page","link":"https:\/\/kontoyannilawfirm.gr\/fr\/droit-cadastral\/","title":{"rendered":"Droit Cadastral"},"content":{"rendered":"<section class=\"l-section wpb_row height_medium\"><div class=\"l-section-h i-cf\"><div class=\"g-cols vc_row via_flex valign_top type_default stacking_default\"><div class=\"vc_col-sm-12 wpb_column vc_column_container\"><div class=\"vc_column-inner\"><div class=\"wpb_wrapper\"><div class=\"w-text us_custom_d6ccad83 has_text_color icon_atleft\"><span class=\"w-text-h\"><i class=\"fas fa-horizontal-rule\"><\/i><span class=\"w-text-value\">Droit Cadastral<\/span><\/span><\/div><div class=\"wpb_text_column\"><div class=\"wpb_wrapper\"><p>L\u2019ancien syst\u00e8me des registres hypoth\u00e9caires a \u00e9t\u00e9 remplac\u00e9 par le Cadastre, une base de donn\u00e9es publique et num\u00e9rique.<\/p>\n<p>Il enregistre les biens immobiliers et les droits qui y sont li\u00e9s, ce qui rend les transactions plus s\u00fbres et plus simples. L\u2019enregistrement d\u2019un acte prend d\u00e9sormais moins de sept jours.<\/p>\n<p>Le Cadastre contient des informations comme la localisation, la taille et les limites d\u2019un bien, ainsi que son propri\u00e9taire ou titulaire de droits. Cela rend claire la situation juridique du bien et les \u00e9ventuelles charges ou r\u00e9clamations.<\/p>\n<p>Le Cadastre aide \u00e0 \u00e9viter les conflits sur la propri\u00e9t\u00e9 et permet de corriger des erreurs d\u2019inscription.<\/p>\n<p>C\u2019est un outil important pour les citoyens comme pour l\u2019\u00c9tat, car il prot\u00e8ge la propri\u00e9t\u00e9 et soutient l\u2019am\u00e9nagement urbain, surtout avec l\u2019int\u00e9gration progressive de nouvelles communes dans le syst\u00e8me.<\/p>\n<\/div><\/div><\/div><\/div><\/div><\/div><\/div><\/section>\n","protected":false},"excerpt":{"rendered":"Droit CadastralL\u2019ancien syst\u00e8me des registres hypoth\u00e9caires a \u00e9t\u00e9 remplac\u00e9 par le Cadastre, une base de donn\u00e9es publique et num\u00e9rique. Il enregistre les biens immobiliers et les droits qui y sont li\u00e9s, ce qui rend les transactions plus s\u00fbres et plus simples. L\u2019enregistrement d\u2019un acte prend d\u00e9sormais moins de sept jours. Le Cadastre contient des informations...","protected":false},"author":3,"featured_media":0,"parent":0,"menu_order":0,"comment_status":"closed","ping_status":"closed","template":"","meta":{"footnotes":""},"class_list":["post-2020","page","type-page","status-publish","hentry"],"jetpack_sharing_enabled":true,"_links":{"self":[{"href":"https:\/\/kontoyannilawfirm.gr\/fr\/wp-json\/wp\/v2\/pages\/2020","targetHints":{"allow":["GET"]}}],"collection":[{"href":"https:\/\/kontoyannilawfirm.gr\/fr\/wp-json\/wp\/v2\/pages"}],"about":[{"href":"https:\/\/kontoyannilawfirm.gr\/fr\/wp-json\/wp\/v2\/types\/page"}],"author":[{"embeddable":true,"href":"https:\/\/kontoyannilawfirm.gr\/fr\/wp-json\/wp\/v2\/users\/3"}],"replies":[{"embeddable":true,"href":"https:\/\/kontoyannilawfirm.gr\/fr\/wp-json\/wp\/v2\/comments?post=2020"}],"version-history":[{"count":3,"href":"https:\/\/kontoyannilawfirm.gr\/fr\/wp-json\/wp\/v2\/pages\/2020\/revisions"}],"predecessor-version":[{"id":2033,"href":"https:\/\/kontoyannilawfirm.gr\/fr\/wp-json\/wp\/v2\/pages\/2020\/revisions\/2033"}],"wp:attachment":[{"href":"https:\/\/kontoyannilawfirm.gr\/fr\/wp-json\/wp\/v2\/media?parent=2020"}],"curies":[{"name":"wp","href":"https:\/\/api.w.org\/{rel}","templated":true}]}}