{"id":2027,"date":"2025-09-23T13:45:36","date_gmt":"2025-09-23T10:45:36","guid":{"rendered":"https:\/\/kontoyannilawfirm.gr\/?page_id=2027"},"modified":"2025-09-23T13:45:37","modified_gmt":"2025-09-23T10:45:37","slug":"droit-maritime","status":"publish","type":"page","link":"https:\/\/kontoyannilawfirm.gr\/fr\/droit-maritime\/","title":{"rendered":"Droit Maritime"},"content":{"rendered":"<section class=\"l-section wpb_row height_medium\"><div class=\"l-section-h i-cf\"><div class=\"g-cols vc_row via_flex valign_top type_default stacking_default\"><div class=\"vc_col-sm-12 wpb_column vc_column_container\"><div class=\"vc_column-inner\"><div class=\"wpb_wrapper\"><div class=\"w-text us_custom_d6ccad83 has_text_color icon_atleft\"><span class=\"w-text-h\"><i class=\"fas fa-horizontal-rule\"><\/i><span class=\"w-text-value\">Droit Maritime<\/span><\/span><\/div><div class=\"wpb_text_column\"><div class=\"wpb_wrapper\"><p>Le droit maritime r\u00e8gle tout ce qui touche \u00e0 la navigation et \u00e0 la mer. Il concerne les navires, leur transfert et les relations entre armateurs et exploitants.<\/p>\n<p>Il fixe les r\u00e8gles des affr\u00e8tements, du transport maritime et des responsabilit\u00e9s de l\u2019armateur en cas de dommages caus\u00e9s.<\/p>\n<p>Il couvre aussi les droits et devoirs de l\u2019\u00e9quipage, leurs contrats de travail, leur droit au rapatriement et leurs responsabilit\u00e9s pendant le service.<\/p>\n<p>Une autre partie concerne les accidents de mer et les collisions de navires. Des institutions importantes du droit maritime sont l\u2019hypoth\u00e8que maritime et le pr\u00eat maritime.<\/p>\n<p>Ces derni\u00e8res ann\u00e9es, les soci\u00e9t\u00e9s NEPA (Soci\u00e9t\u00e9s maritimes de bateaux de plaisance) sont devenues importantes, puisqu\u2019elles g\u00e8rent exclusivement des navires de loisir, dont elles peuvent \u00eatre propri\u00e9taires ou simples gestionnaires.<\/p>\n<\/div><\/div><\/div><\/div><\/div><\/div><\/div><\/section>\n","protected":false},"excerpt":{"rendered":"Droit MaritimeLe droit maritime r\u00e8gle tout ce qui touche \u00e0 la navigation et \u00e0 la mer. Il concerne les navires, leur transfert et les relations entre armateurs et exploitants. Il fixe les r\u00e8gles des affr\u00e8tements, du transport maritime et des responsabilit\u00e9s de l\u2019armateur en cas de dommages caus\u00e9s. Il couvre aussi les droits et devoirs...","protected":false},"author":3,"featured_media":0,"parent":0,"menu_order":0,"comment_status":"closed","ping_status":"closed","template":"","meta":{"footnotes":""},"class_list":["post-2027","page","type-page","status-publish","hentry"],"jetpack_sharing_enabled":true,"_links":{"self":[{"href":"https:\/\/kontoyannilawfirm.gr\/fr\/wp-json\/wp\/v2\/pages\/2027","targetHints":{"allow":["GET"]}}],"collection":[{"href":"https:\/\/kontoyannilawfirm.gr\/fr\/wp-json\/wp\/v2\/pages"}],"about":[{"href":"https:\/\/kontoyannilawfirm.gr\/fr\/wp-json\/wp\/v2\/types\/page"}],"author":[{"embeddable":true,"href":"https:\/\/kontoyannilawfirm.gr\/fr\/wp-json\/wp\/v2\/users\/3"}],"replies":[{"embeddable":true,"href":"https:\/\/kontoyannilawfirm.gr\/fr\/wp-json\/wp\/v2\/comments?post=2027"}],"version-history":[{"count":2,"href":"https:\/\/kontoyannilawfirm.gr\/fr\/wp-json\/wp\/v2\/pages\/2027\/revisions"}],"predecessor-version":[{"id":2029,"href":"https:\/\/kontoyannilawfirm.gr\/fr\/wp-json\/wp\/v2\/pages\/2027\/revisions\/2029"}],"wp:attachment":[{"href":"https:\/\/kontoyannilawfirm.gr\/fr\/wp-json\/wp\/v2\/media?parent=2027"}],"curies":[{"name":"wp","href":"https:\/\/api.w.org\/{rel}","templated":true}]}}