{"id":716,"date":"2023-11-06T12:42:02","date_gmt":"2023-11-06T10:42:02","guid":{"rendered":"https:\/\/kontoyannilawfirm.gr\/?page_id=716"},"modified":"2025-09-22T13:21:22","modified_gmt":"2025-09-22T10:21:22","slug":"home","status":"publish","type":"page","link":"https:\/\/kontoyannilawfirm.gr\/fr\/","title":{"rendered":"Accueil"},"content":{"rendered":"<section class=\"l-section wpb_row us_custom_bb8822e4 height_huge with_slider\"><div class=\"l-section-slider\"><div class=\"w-slider style_none fit_cover nav_none count_4\"><div class=\"w-slider-h\"><div class=\"royalSlider\"><div class=\"rsContent\"><a class=\"rsImg\" data-rsw=\"2560\" data-rsh=\"1706\" href=\"https:\/\/kontoyannilawfirm.gr\/wp-content\/uploads\/2023\/07\/law-photo-3.jpg\"><span data-alt=\"\"><\/span><\/a><\/div><div class=\"rsContent\"><a class=\"rsImg\" data-rsw=\"2560\" data-rsh=\"1706\" href=\"https:\/\/kontoyannilawfirm.gr\/wp-content\/uploads\/2023\/07\/law-photo-5.jpg\"><span data-alt=\"\"><\/span><\/a><\/div><div class=\"rsContent\"><a class=\"rsImg\" data-rsw=\"2560\" data-rsh=\"1706\" href=\"https:\/\/kontoyannilawfirm.gr\/wp-content\/uploads\/2023\/07\/law-photo-6.jpg\"><span data-alt=\"\"><\/span><\/a><\/div><div class=\"rsContent\"><a class=\"rsImg\" data-rsw=\"2560\" data-rsh=\"1440\" href=\"https:\/\/kontoyannilawfirm.gr\/wp-content\/uploads\/2023\/07\/law-photo-2.jpg\"><span data-alt=\"\"><\/span><\/a><\/div><\/div><img decoding=\"async\" src=\"https:\/\/kontoyannilawfirm.gr\/wp-content\/uploads\/2023\/07\/law-photo-3.jpg\" width=\"2560\" height=\"1706\" alt loading=\"lazy\"><\/div><div class=\"w-slider-json\" onclick='return {&quot;autoScaleSlider&quot;:true,&quot;addActiveClass&quot;:true,&quot;loop&quot;:true,&quot;fadeInLoadedSlide&quot;:false,&quot;slidesSpacing&quot;:0,&quot;imageScalePadding&quot;:0,&quot;numImagesToPreload&quot;:2,&quot;arrowsNav&quot;:false,&quot;arrowsNavAutoHide&quot;:false,&quot;transitionType&quot;:&quot;move&quot;,&quot;transitionSpeed&quot;:1000,&quot;block&quot;:{&quot;moveEffect&quot;:&quot;none&quot;,&quot;speed&quot;:300},&quot;thumbs&quot;:{&quot;fitInViewport&quot;:false,&quot;firstMargin&quot;:false,&quot;spacing&quot;:4},&quot;controlNavigation&quot;:&quot;none&quot;,&quot;autoplay&quot;:{&quot;enabled&quot;:true,&quot;pauseOnHover&quot;:false,&quot;delay&quot;:3000},&quot;autoScaleSliderWidth&quot;:2560,&quot;autoScaleSliderHeight&quot;:1706}'><\/div><\/div><\/div><div class=\"l-section-overlay\" style=\"background:rgba(0,0,0,0.60)\"><\/div><div class=\"l-section-h i-cf\"><div class=\"g-cols vc_row via_flex valign_top type_default stacking_default\"><div class=\"vc_col-sm-12 wpb_column vc_column_container\"><div class=\"vc_column-inner\"><div class=\"wpb_wrapper\">[vc_custom_heading text=\u00a0\u00bbKontogianni\u00a0\u00bb font_container=\u00a0\u00bbtag:p|text_align:left\u00a0\u00bb use_theme_fonts=\u00a0\u00bbyes\u00a0\u00bb css=\u00a0\u00bb%7B%22default%22%3A%7B%22color%22%3A%22%23ffffff%22%2C%22font-size%22%3A%2248px%22%2C%22font-weight%22%3A%22400%22%2C%22margin-bottom%22%3A%221.5rem%22%7D%2C%22laptops%22%3A%7B%22color%22%3A%22%23ffffff%22%2C%22font-size%22%3A%2248px%22%2C%22font-weight%22%3A%22400%22%7D%2C%22tablets%22%3A%7B%22color%22%3A%22%23ffffff%22%2C%22font-size%22%3A%2248px%22%2C%22font-weight%22%3A%22400%22%7D%2C%22mobiles%22%3A%7B%22color%22%3A%22%23ffffff%22%2C%22font-size%22%3A%2240px%22%2C%22font-weight%22%3A%22400%22%7D%7D\u00a0\u00bb][vc_custom_heading text=\u00a0\u00bbAthina\u00a0\u00bb font_container=\u00a0\u00bbtag:p|text_align:left\u00a0\u00bb use_theme_fonts=\u00a0\u00bbyes\u00a0\u00bb css=\u00a0\u00bb%7B%22default%22%3A%7B%22color%22%3A%22%23c79d73%22%2C%22font-size%22%3A%2248px%22%2C%22font-weight%22%3A%22400%22%2C%22padding-top%22%3A%220%22%7D%2C%22laptops%22%3A%7B%22color%22%3A%22%23c79d73%22%2C%22font-size%22%3A%2248px%22%2C%22font-weight%22%3A%22400%22%7D%2C%22tablets%22%3A%7B%22color%22%3A%22%23c79d73%22%2C%22font-size%22%3A%2248px%22%2C%22font-weight%22%3A%22400%22%7D%2C%22mobiles%22%3A%7B%22color%22%3A%22%23c79d73%22%2C%22font-size%22%3A%2240px%22%2C%22font-weight%22%3A%22400%22%7D%7D\u00a0\u00bb]<h1 class=\"w-text us_custom_258c4932 has_text_color icon_atleft\"><span class=\"w-text-h\"><i class=\"fas fa-horizontal-rule\"><\/i><span class=\"w-text-value\">Avocate et membre du barreau du Pir\u00e9e<\/span><\/span><\/h1><\/div><\/div><\/div><\/div><\/div><\/section><section class=\"l-section wpb_row us_custom_f5cde576 height_medium\"><div class=\"l-section-h i-cf\"><div class=\"g-cols vc_row via_flex valign_middle type_default stacking_default\"><div class=\"vc_col-sm-9 wpb_column vc_column_container has_bg_color\"><div class=\"vc_column-inner us_custom_eaee4073\"><div class=\"wpb_wrapper\"><div class=\"g-cols wpb_row via_flex valign_top type_default stacking_default\"><div class=\"vc_col-sm-4 wpb_column vc_column_container\"><div class=\"vc_column-inner\"><div class=\"wpb_wrapper\"><div class=\"w-hwrapper valign_middle align_left\"><div class=\"w-iconbox iconpos_left style_default color_custom align_left no_text no_title\"><div class=\"w-iconbox-icon\" style=\"font-size:2.5rem;--icon-color:#c79d73;\"><i class=\"fal fa-users\"><\/i><\/div><div class=\"w-iconbox-meta\"><\/div><\/div><div class=\"w-vwrapper align_left valign_top\" style=\"--vwrapper-gap:0.5rem\">[vc_custom_heading text=\u00a0\u00bbCoop\u00e9ration\u00a0\u00bb use_theme_fonts=\u00a0\u00bbyes\u00a0\u00bb css=\u00a0\u00bb%7B%22default%22%3A%7B%22color%22%3A%22%23c79d73%22%2C%22font-size%22%3A%2236px%22%2C%22font-weight%22%3A%22400%22%7D%7D\u00a0\u00bb][vc_custom_heading text=\u00a0\u00bbavec un personnel juridique exp\u00e9riment\u00e9\u00a0\u00bb use_theme_fonts=\u00a0\u00bbyes\u00a0\u00bb css=\u00a0\u00bb%7B%22default%22%3A%7B%22color%22%3A%22%23ffffff%22%2C%22font-size%22%3A%2214px%22%2C%22font-weight%22%3A%22400%22%2C%22padding-top%22%3A%220rem%22%7D%7D\u00a0\u00bb]<\/div><\/div><\/div><\/div><\/div><div class=\"vc_col-sm-4 wpb_column vc_column_container\"><div class=\"vc_column-inner\"><div class=\"wpb_wrapper\"><div class=\"w-hwrapper valign_middle align_left\"><div class=\"w-iconbox iconpos_left style_default color_custom align_left no_text no_title\"><div class=\"w-iconbox-icon\" style=\"font-size:2.5rem;--icon-color:#c79d73;\"><i class=\"fal fa-clock\"><\/i><\/div><div class=\"w-iconbox-meta\"><\/div><\/div><div class=\"w-vwrapper align_left valign_top\" style=\"--vwrapper-gap:0.5rem\">[vc_custom_heading text=\u00a0\u00bbDes solutions\u00a0\u00bb use_theme_fonts=\u00a0\u00bbyes\u00a0\u00bb css=\u00a0\u00bb%7B%22default%22%3A%7B%22color%22%3A%22%23c79d73%22%2C%22font-size%22%3A%2236px%22%2C%22font-weight%22%3A%22400%22%7D%7D\u00a0\u00bb][vc_custom_heading text=\u00a0\u00bbr\u00e9alistes et pratiques\u00a0\u00bb use_theme_fonts=\u00a0\u00bbyes\u00a0\u00bb css=\u00a0\u00bb%7B%22default%22%3A%7B%22color%22%3A%22%23ffffff%22%2C%22font-size%22%3A%2214px%22%2C%22font-weight%22%3A%22400%22%2C%22padding-top%22%3A%220rem%22%7D%7D\u00a0\u00bb]<\/div><\/div><\/div><\/div><\/div><div class=\"vc_col-sm-4 wpb_column vc_column_container\"><div class=\"vc_column-inner\"><div class=\"wpb_wrapper\"><div class=\"w-hwrapper valign_middle align_left\"><div class=\"w-iconbox iconpos_left style_default color_custom align_left no_text no_title\"><div class=\"w-iconbox-icon\" style=\"font-size:2.5rem;--icon-color:#c79d73;\"><i class=\"fal fa-users\"><\/i><\/div><div class=\"w-iconbox-meta\"><\/div><\/div><div class=\"w-vwrapper align_left valign_top\" style=\"--vwrapper-gap:0.5rem\">[vc_custom_heading text=\u00a0\u00bbLa porte \u00e0 c\u00f4t\u00e9\u00a0\u00bb use_theme_fonts=\u00a0\u00bbyes\u00a0\u00bb css=\u00a0\u00bb%7B%22default%22%3A%7B%22color%22%3A%22%23c79d73%22%2C%22font-size%22%3A%2236px%22%2C%22font-weight%22%3A%22400%22%7D%7D\u00a0\u00bb][vc_custom_heading text=\u00a0\u00bbau client et \u00e0 ses besoins\u00a0\u00bb use_theme_fonts=\u00a0\u00bbyes\u00a0\u00bb css=\u00a0\u00bb%7B%22default%22%3A%7B%22color%22%3A%22%23ffffff%22%2C%22font-size%22%3A%2214px%22%2C%22font-weight%22%3A%22400%22%2C%22padding-top%22%3A%220rem%22%7D%7D\u00a0\u00bb]<\/div><\/div><\/div><\/div><\/div><\/div><\/div><\/div><\/div><div class=\"vc_col-sm-3 wpb_column vc_column_container\"><div class=\"vc_column-inner us_custom_1cebc4f5\"><div class=\"wpb_wrapper\"><div class=\"w-text us_custom_ffdc08c0 has_text_color icon_atleft\"><span class=\"w-text-h\"><i class=\"fas fa-horizontal-rule\"><\/i><span class=\"w-text-value\">POURQUOI NOUS CHOISIR<\/span><\/span><\/div>[vc_custom_heading text=\u00a0\u00bbExcellent traitement des dossiers avec chiffrage sp\u00e9cifique\u00a0\u00bb use_theme_fonts=\u00a0\u00bbyes\u00a0\u00bb css=\u00a0\u00bb%7B%22default%22%3A%7B%22font-size%22%3A%2233px%22%2C%22font-weight%22%3A%22400%22%2C%22padding-top%22%3A%220%22%7D%7D\u00a0\u00bb]<\/div><\/div><\/div><\/div><\/div><\/section><section class=\"l-section wpb_row height_medium\"><div class=\"l-section-h i-cf\"><div class=\"g-cols vc_row via_flex valign_top type_default stacking_default\"><div class=\"vc_col-sm-4 wpb_column vc_column_container\"><div class=\"vc_column-inner\"><div class=\"wpb_wrapper\"><div class=\"w-image us_custom_1faf7262 has_ratio align_none\"><div class=\"w-image-h\"><div style=\"padding-bottom:133.3333%\"><\/div><img decoding=\"async\" width=\"1205\" height=\"1795\" src=\"https:\/\/kontoyannilawfirm.gr\/wp-content\/uploads\/2023\/09\/PHOTO-ATHINA-KONTOGIANNI-1.jpg\" class=\"attachment-full size-full\" alt=\"\" loading=\"lazy\" \/><\/div><\/div><\/div><\/div><\/div><div class=\"vc_col-sm-8 wpb_column vc_column_container\"><div class=\"vc_column-inner\"><div class=\"wpb_wrapper\"><div class=\"w-text us_custom_b26ed318 has_text_color icon_atleft\"><span class=\"w-text-h\"><i class=\"fas fa-horizontal-rule\"><\/i><span class=\"w-text-value\">\u00c0 PROPOS DE NOUS<\/span><\/span><\/div><div class=\"w-text us_custom_ffdc08c0 has_text_color icon_atleft\"><span class=\"w-text-h\"><i class=\"fas fa-horizontal-rule\"><\/i><span class=\"w-text-value\">QUI NOUS SOMMES<\/span><\/span><\/div>[vc_custom_heading text=\u00a0\u00bbVos besoins sont notre priorit\u00e9\u00a0\u00bb use_theme_fonts=\u00a0\u00bbyes\u00a0\u00bb css=\u00a0\u00bb%7B%22default%22%3A%7B%22color%22%3A%22%232c333c%22%2C%22font-size%22%3A%2243px%22%2C%22font-weight%22%3A%22400%22%2C%22margin-bottom%22%3A%223rem%22%2C%22padding-top%22%3A%220%22%7D%7D\u00a0\u00bb][vc_custom_heading text=\u00a0\u00bbAssurer un haut niveau de service, de conseil et de contentieux\u00a0\u00bb use_theme_fonts=\u00a0\u00bbyes\u00a0\u00bb css=\u00a0\u00bb%7B%22default%22%3A%7B%22color%22%3A%22%232c333c%22%2C%22font-size%22%3A%2220px%22%2C%22font-weight%22%3A%22400%22%2C%22font-style%22%3A%22italic%22%2C%22padding-top%22%3A%220%22%7D%7D\u00a0\u00bb]<div class=\"wpb_text_column us_custom_c7dce958\"><div class=\"wpb_wrapper\"><p>Athina Kontogianni est avocate et membre du barreau du Pir\u00e9e depuis 2004. Elle a termin\u00e9 ses \u00e9tudes au d\u00e9partement de droit de l&rsquo;universit\u00e9 D\u00e9mocrite de Thrace. Elle est \u00e9galement titulaire d&rsquo;un dipl\u00f4me du D\u00e9partement de Sciences Politiques ainsi que d&rsquo;un master du D\u00e9partement de Droit International de l&rsquo;Universit\u00e9 Libre de Bruxelles (ULB).<\/p>\n<\/div><\/div><div class=\"w-btn-wrapper align_none\"><a class=\"w-btn us-btn-style_3\" href=\"\/fr\/notre-bureau\/\"><span class=\"w-btn-label\">Plus<\/span><\/a><\/div><\/div><\/div><\/div><\/div><\/div><\/section><section class=\"l-section wpb_row us_custom_d086905d height_medium\"><div class=\"l-section-h i-cf\"><div class=\"g-cols vc_row via_flex valign_top type_default stacking_default\"><div class=\"vc_col-sm-12 wpb_column vc_column_container\"><div class=\"vc_column-inner\"><div class=\"wpb_wrapper\"><div class=\"w-text us_custom_d6ccad83 has_text_color icon_atleft\"><span class=\"w-text-h\"><i class=\"fas fa-horizontal-rule\"><\/i><span class=\"w-text-value\">Prestations de service<\/span><\/span><\/div><div class=\"w-text us_custom_8bb09100 has_text_color\"><span class=\"w-text-h\"><span class=\"w-text-value\">Nous abordons les dossiers avec s\u00e9rieux, professionnalisme et toujours en fonction des besoins du client<\/span><\/span><\/div><div class=\"g-cols wpb_row us_custom_815c1c57 via_flex valign_top type_default stacking_default\"><div class=\"vc_col-sm-1\/5 wpb_column vc_column_container has_bg_color\"><div class=\"vc_column-inner us_custom_5b36e7e9\"><div class=\"wpb_wrapper\"><div class=\"w-image us_custom_99682d72 align_center\"><div class=\"w-image-h\"><img decoding=\"async\" width=\"400\" height=\"400\" src=\"https:\/\/kontoyannilawfirm.gr\/wp-content\/uploads\/2025\/09\/dop-1.png\" class=\"attachment-large size-large\" alt=\"\" loading=\"lazy\" srcset=\"https:\/\/kontoyannilawfirm.gr\/wp-content\/uploads\/2025\/09\/dop-1.png 400w, https:\/\/kontoyannilawfirm.gr\/wp-content\/uploads\/2025\/09\/dop-1-300x300.png 300w, https:\/\/kontoyannilawfirm.gr\/wp-content\/uploads\/2025\/09\/dop-1-150x150.png 150w\" sizes=\"auto, (max-width: 400px) 100vw, 400px\" \/><\/div><\/div><div class=\"w-text us_custom_21ae53f9 has_text_color\"><span class=\"w-text-h\"><span class=\"w-text-value\">Droit Civil<\/span><\/span><\/div><\/div><\/div><\/div><div class=\"vc_col-sm-1\/5 wpb_column vc_column_container has_bg_color\"><div class=\"vc_column-inner us_custom_5b36e7e9\"><div class=\"wpb_wrapper\"><div class=\"w-image us_custom_99682d72 align_center\"><div class=\"w-image-h\"><img decoding=\"async\" width=\"400\" height=\"400\" src=\"https:\/\/kontoyannilawfirm.gr\/wp-content\/uploads\/2025\/09\/dop-2.png\" class=\"attachment-large size-large\" alt=\"\" loading=\"lazy\" srcset=\"https:\/\/kontoyannilawfirm.gr\/wp-content\/uploads\/2025\/09\/dop-2.png 400w, https:\/\/kontoyannilawfirm.gr\/wp-content\/uploads\/2025\/09\/dop-2-300x300.png 300w, https:\/\/kontoyannilawfirm.gr\/wp-content\/uploads\/2025\/09\/dop-2-150x150.png 150w\" sizes=\"auto, (max-width: 400px) 100vw, 400px\" \/><\/div><\/div><div class=\"w-text us_custom_21ae53f9 has_text_color\"><span class=\"w-text-h\"><span class=\"w-text-value\">Mesures Conservatoires de justice<\/span><\/span><\/div><\/div><\/div><\/div><div class=\"vc_col-sm-1\/5 wpb_column vc_column_container has_bg_color\"><div class=\"vc_column-inner us_custom_5b36e7e9\"><div class=\"wpb_wrapper\"><div class=\"w-image us_custom_99682d72 align_center\"><div class=\"w-image-h\"><img decoding=\"async\" width=\"400\" height=\"400\" src=\"https:\/\/kontoyannilawfirm.gr\/wp-content\/uploads\/2025\/09\/dop-3.png\" class=\"attachment-large size-large\" alt=\"\" loading=\"lazy\" srcset=\"https:\/\/kontoyannilawfirm.gr\/wp-content\/uploads\/2025\/09\/dop-3.png 400w, https:\/\/kontoyannilawfirm.gr\/wp-content\/uploads\/2025\/09\/dop-3-300x300.png 300w, https:\/\/kontoyannilawfirm.gr\/wp-content\/uploads\/2025\/09\/dop-3-150x150.png 150w\" sizes=\"auto, (max-width: 400px) 100vw, 400px\" \/><\/div><\/div><div class=\"w-text us_custom_21ae53f9 has_text_color\"><span class=\"w-text-h\"><span class=\"w-text-value\">Droit Maritime<\/span><\/span><\/div><\/div><\/div><\/div><div class=\"vc_col-sm-1\/5 wpb_column vc_column_container has_bg_color\"><div class=\"vc_column-inner us_custom_5b36e7e9\"><div class=\"wpb_wrapper\"><div class=\"w-image us_custom_99682d72 align_center\"><div class=\"w-image-h\"><img decoding=\"async\" width=\"400\" height=\"400\" src=\"https:\/\/kontoyannilawfirm.gr\/wp-content\/uploads\/2025\/09\/dop-4.png\" class=\"attachment-large size-large\" alt=\"\" loading=\"lazy\" srcset=\"https:\/\/kontoyannilawfirm.gr\/wp-content\/uploads\/2025\/09\/dop-4.png 400w, https:\/\/kontoyannilawfirm.gr\/wp-content\/uploads\/2025\/09\/dop-4-300x300.png 300w, https:\/\/kontoyannilawfirm.gr\/wp-content\/uploads\/2025\/09\/dop-4-150x150.png 150w\" sizes=\"auto, (max-width: 400px) 100vw, 400px\" \/><\/div><\/div><div class=\"w-text us_custom_21ae53f9 has_text_color\"><span class=\"w-text-h\"><span class=\"w-text-value\">Droit Cadastral<\/span><\/span><\/div><\/div><\/div><\/div><div class=\"vc_col-sm-1\/5 wpb_column vc_column_container has_bg_color\"><div class=\"vc_column-inner us_custom_5b36e7e9\"><div class=\"wpb_wrapper\"><div class=\"w-image us_custom_99682d72 align_center\"><div class=\"w-image-h\"><img decoding=\"async\" width=\"400\" height=\"400\" src=\"https:\/\/kontoyannilawfirm.gr\/wp-content\/uploads\/2025\/09\/dop-5.png\" class=\"attachment-large size-large\" alt=\"\" loading=\"lazy\" srcset=\"https:\/\/kontoyannilawfirm.gr\/wp-content\/uploads\/2025\/09\/dop-5.png 400w, https:\/\/kontoyannilawfirm.gr\/wp-content\/uploads\/2025\/09\/dop-5-300x300.png 300w, https:\/\/kontoyannilawfirm.gr\/wp-content\/uploads\/2025\/09\/dop-5-150x150.png 150w\" sizes=\"auto, (max-width: 400px) 100vw, 400px\" \/><\/div><\/div><div class=\"w-text us_custom_21ae53f9 has_text_color\"><span class=\"w-text-h\"><span class=\"w-text-value\">Droit Commercial<\/span><\/span><\/div><\/div><\/div><\/div><\/div><div class=\"w-btn-wrapper align_center\"><a class=\"w-btn us-btn-style_4 us_custom_cdf14ffd\" href=\"\/fr\/prestations-de-service\/\"><span class=\"w-btn-label\">PLUS<\/span><\/a><\/div><\/div><\/div><\/div><\/div><\/div><\/section><section class=\"l-section wpb_row us_custom_02881551 height_medium\" id=\"symvoules\"><div class=\"l-section-overlay\" style=\"background:rgba(255,255,255,0.70)\"><\/div><div class=\"l-section-h i-cf\"><div class=\"g-cols vc_row via_flex valign_top type_default stacking_default\"><div class=\"vc_col-sm-3 wpb_column vc_column_container\"><div class=\"vc_column-inner\"><div class=\"wpb_wrapper\"><\/div><\/div><\/div><div class=\"vc_col-sm-6 wpb_column vc_column_container has_bg_color\"><div class=\"vc_column-inner us_custom_6c4f3267\"><div class=\"wpb_wrapper\"><div class=\"w-text us_custom_1fb834b4 has_text_color icon_atleft\"><span class=\"w-text-h\"><i class=\"fas fa-horizontal-rule\"><\/i><span class=\"w-text-value\">DEMANDER<\/span><\/span><\/div><div class=\"w-text us_custom_b643a396 has_text_color\"><span class=\"w-text-h\"><span class=\"w-text-value\">Des conseils juridiques<\/span><\/span><\/div><form class=\"w-form  us-field-style_1 layout_ver for_cform us_form_1\" autocomplete=\"off\" action=\"https:\/\/kontoyannilawfirm.gr\/fr\/wp-json\/wp\/v2\/pages\/716\" method=\"post\"><div class=\"w-form-h\"><div class=\"w-form-row for_text\">\r\n\t\t<div class=\"w-form-row-field\">\r\n\t\t\t\t\t\t<input aria-label=\"Nom\" type=\"text\" name=\"us_form_1_text_1\" value placeholder=\"Nom\"\/>\r\n\t\t\t<\/div>\r\n\t\t<div class=\"w-form-row-state\">Vous devez remplir ce champ<\/div>\r\n<\/div>\r\n<div class=\"w-form-row for_email\">\r\n\t\t<div class=\"w-form-row-field\">\r\n\t\t\t\t\t\t<input aria-label=\"Email\" type=\"email\" name=\"us_form_1_email_1\" value placeholder=\"Email\"\/>\r\n\t\t\t<\/div>\r\n\t\t<div class=\"w-form-row-state\">Veuillez saisir une adresse e-mail valide.<\/div>\r\n<\/div>\r\n<div class=\"w-form-row for_textarea\">\r\n\t\t<div class=\"w-form-row-field\">\r\n\t\t\t\t\t\t<textarea aria-label=\"Message\" name=\"us_form_1_textarea_1\" placeholder=\"Message\"><\/textarea>\r\n\t\t\t<\/div>\r\n\t\t<div class=\"w-form-row-state\">Vous devez remplir ce champ<\/div>\r\n<\/div>\r\n<input type=\"hidden\" name=\"action\" value=\"us_ajax_cform\" \/>\r\n<input type=\"hidden\" name=\"post_id\" value=\"0\" \/>\r\n<input type=\"hidden\" name=\"form_index\" value=\"1\" \/>\r\n<div class=\"w-form-row for_submit align_none\">\r\n\t<button class=\"w-btn  us-btn-style_1\" aria-label=\"Mission\" type=\"submit\">\r\n\t\t<span class=\"g-preloader type_1\"><\/span>\r\n\t\t\t\t<span class=\"w-btn-label\">Mission<\/span>\r\n\t\t\t<\/button>\r\n\t<\/div>\r\n<\/div><div class=\"w-form-message\"><\/div><div class=\"w-form-json hidden\" onclick='return {&quot;ajaxurl&quot;:&quot;https:\\\/\\\/kontoyannilawfirm.gr\\\/wp-admin\\\/admin-ajax.php&quot;,&quot;messages&quot;:{&quot;err_empty&quot;:&quot;Vous devez remplir ce champ&quot;,&quot;err_size&quot;:&quot;La taille du fichier ne peut pas d\\u00e9passer %s Mo&quot;,&quot;err_extension&quot;:&quot;Le type de fichier %s n&#039;est pas autoris\\u00e9&quot;,&quot;err_recaptcha_keys&quot;:&quot;Les cl\\u00e9s reCAPTCHA sont incorrectes&quot;}}'><\/div><\/form><\/div><\/div><\/div><div class=\"vc_col-sm-3 wpb_column vc_column_container\"><div class=\"vc_column-inner\"><div class=\"wpb_wrapper\"><\/div><\/div><\/div><\/div><\/div><\/section><section class=\"l-section wpb_row us_custom_d086905d height_medium\"><div class=\"l-section-h i-cf\"><div class=\"g-cols vc_row via_flex valign_top type_default stacking_default\"><div class=\"vc_col-sm-12 wpb_column vc_column_container\"><div class=\"vc_column-inner\"><div class=\"wpb_wrapper\"><div class=\"w-text us_custom_d6ccad83 has_text_color icon_atleft\"><span class=\"w-text-h\"><i class=\"fas fa-horizontal-rule\"><\/i><span class=\"w-text-value\">Services<\/span><\/span><\/div><div class=\"w-text us_custom_8bb09100 has_text_color\"><span class=\"w-text-h\"><span class=\"w-text-value\">We undertake cases with seriousness, professionalism and always based on the client&rsquo;s needs<\/span><\/span><\/div><div class=\"w-btn-wrapper align_center\"><a class=\"w-btn us-btn-style_4 us_custom_cdf14ffd\" href=\"\/en\/services\/\"><span class=\"w-btn-label\">MORE<\/span><\/a><\/div><\/div><\/div><\/div><\/div><\/div><\/section>\n","protected":false},"excerpt":{"rendered":"[vc_custom_heading text=\"Kontogianni\" font_container=\"tag:p|text_align:left\" use_theme_fonts=\"yes\" css=\"%7B%22default%22%3A%7B%22color%22%3A%22%23ffffff%22%2C%22font-size%22%3A%2248px%22%2C%22font-weight%22%3A%22400%22%2C%22margin-bottom%22%3A%221.5rem%22%7D%2C%22laptops%22%3A%7B%22color%22%3A%22%23ffffff%22%2C%22font-size%22%3A%2248px%22%2C%22font-weight%22%3A%22400%22%7D%2C%22tablets%22%3A%7B%22color%22%3A%22%23ffffff%22%2C%22font-size%22%3A%2248px%22%2C%22font-weight%22%3A%22400%22%7D%2C%22mobiles%22%3A%7B%22color%22%3A%22%23ffffff%22%2C%22font-size%22%3A%2240px%22%2C%22font-weight%22%3A%22400%22%7D%7D\"][vc_custom_heading text=\"Athina\" font_container=\"tag:p|text_align:left\" use_theme_fonts=\"yes\" css=\"%7B%22default%22%3A%7B%22color%22%3A%22%23c79d73%22%2C%22font-size%22%3A%2248px%22%2C%22font-weight%22%3A%22400%22%2C%22padding-top%22%3A%220%22%7D%2C%22laptops%22%3A%7B%22color%22%3A%22%23c79d73%22%2C%22font-size%22%3A%2248px%22%2C%22font-weight%22%3A%22400%22%7D%2C%22tablets%22%3A%7B%22color%22%3A%22%23c79d73%22%2C%22font-size%22%3A%2248px%22%2C%22font-weight%22%3A%22400%22%7D%2C%22mobiles%22%3A%7B%22color%22%3A%22%23c79d73%22%2C%22font-size%22%3A%2240px%22%2C%22font-weight%22%3A%22400%22%7D%7D\"]Avocate et membre du barreau du Pir\u00e9e[vc_custom_heading text=\"Coop\u00e9ration\" use_theme_fonts=\"yes\" css=\"%7B%22default%22%3A%7B%22color%22%3A%22%23c79d73%22%2C%22font-size%22%3A%2236px%22%2C%22font-weight%22%3A%22400%22%7D%7D\"][vc_custom_heading text=\"avec un personnel juridique exp\u00e9riment\u00e9\" use_theme_fonts=\"yes\" css=\"%7B%22default%22%3A%7B%22color%22%3A%22%23ffffff%22%2C%22font-size%22%3A%2214px%22%2C%22font-weight%22%3A%22400%22%2C%22padding-top%22%3A%220rem%22%7D%7D\"][vc_custom_heading text=\"Des solutions\" use_theme_fonts=\"yes\" css=\"%7B%22default%22%3A%7B%22color%22%3A%22%23c79d73%22%2C%22font-size%22%3A%2236px%22%2C%22font-weight%22%3A%22400%22%7D%7D\"][vc_custom_heading text=\"r\u00e9alistes et pratiques\" use_theme_fonts=\"yes\" css=\"%7B%22default%22%3A%7B%22color%22%3A%22%23ffffff%22%2C%22font-size%22%3A%2214px%22%2C%22font-weight%22%3A%22400%22%2C%22padding-top%22%3A%220rem%22%7D%7D\"][vc_custom_heading text=\"La porte \u00e0 c\u00f4t\u00e9\" use_theme_fonts=\"yes\" css=\"%7B%22default%22%3A%7B%22color%22%3A%22%23c79d73%22%2C%22font-size%22%3A%2236px%22%2C%22font-weight%22%3A%22400%22%7D%7D\"][vc_custom_heading text=\"au client et \u00e0 ses besoins\" use_theme_fonts=\"yes\" css=\"%7B%22default%22%3A%7B%22color%22%3A%22%23ffffff%22%2C%22font-size%22%3A%2214px%22%2C%22font-weight%22%3A%22400%22%2C%22padding-top%22%3A%220rem%22%7D%7D\"]POURQUOI NOUS CHOISIR[vc_custom_heading text=\"Excellent traitement des dossiers avec...","protected":false},"author":2,"featured_media":0,"parent":0,"menu_order":0,"comment_status":"closed","ping_status":"closed","template":"","meta":{"footnotes":""},"class_list":["post-716","page","type-page","status-publish","hentry"],"jetpack_sharing_enabled":true,"_links":{"self":[{"href":"https:\/\/kontoyannilawfirm.gr\/fr\/wp-json\/wp\/v2\/pages\/716","targetHints":{"allow":["GET"]}}],"collection":[{"href":"https:\/\/kontoyannilawfirm.gr\/fr\/wp-json\/wp\/v2\/pages"}],"about":[{"href":"https:\/\/kontoyannilawfirm.gr\/fr\/wp-json\/wp\/v2\/types\/page"}],"author":[{"embeddable":true,"href":"https:\/\/kontoyannilawfirm.gr\/fr\/wp-json\/wp\/v2\/users\/2"}],"replies":[{"embeddable":true,"href":"https:\/\/kontoyannilawfirm.gr\/fr\/wp-json\/wp\/v2\/comments?post=716"}],"version-history":[{"count":15,"href":"https:\/\/kontoyannilawfirm.gr\/fr\/wp-json\/wp\/v2\/pages\/716\/revisions"}],"predecessor-version":[{"id":1954,"href":"https:\/\/kontoyannilawfirm.gr\/fr\/wp-json\/wp\/v2\/pages\/716\/revisions\/1954"}],"wp:attachment":[{"href":"https:\/\/kontoyannilawfirm.gr\/fr\/wp-json\/wp\/v2\/media?parent=716"}],"curies":[{"name":"wp","href":"https:\/\/api.w.org\/{rel}","templated":true}]}}