{"id":746,"date":"2023-11-06T12:47:47","date_gmt":"2023-11-06T10:47:47","guid":{"rendered":"https:\/\/kontoyannilawfirm.gr\/?page_id=746"},"modified":"2025-10-04T11:04:15","modified_gmt":"2025-10-04T08:04:15","slug":"contact","status":"publish","type":"page","link":"https:\/\/kontoyannilawfirm.gr\/fr\/contact\/","title":{"rendered":"Contact"},"content":{"rendered":"<section class=\"l-section wpb_row height_medium\"><div class=\"l-section-h i-cf\"><div class=\"g-cols vc_row via_flex valign_top type_default stacking_default\"><div class=\"vc_col-sm-12 wpb_column vc_column_container\"><div class=\"vc_column-inner\"><div class=\"wpb_wrapper\"><div class=\"g-cols wpb_row us_custom_a21ea65f via_flex valign_top type_default stacking_default\"><div class=\"vc_col-sm-6 wpb_column vc_column_container\"><div class=\"vc_column-inner us_custom_54267942\"><div class=\"wpb_wrapper\"><div class=\"w-text us_custom_5207a65e has_text_color\"><span class=\"w-text-h\"><span class=\"w-text-value\">Notre bureau au Pir\u00e9e<\/span><\/span><\/div><div class=\"w-html\"><iframe src=\"https:\/\/www.google.com\/maps\/embed?pb=!1m18!1m12!1m3!1d786.7506559136164!2d23.64045876965646!3d37.93036915605439!2m3!1f0!2f0!3f0!3m2!1i1024!2i768!4f13.1!3m3!1m2!1s0x14a1b9604bcb42f1%3A0x9e495b1cfe9af089!2zzpnPic69zrnOtM-Ozr0gMTA1LCDOoM61zrnPgc6xzrnOrM-CIDE4NSAzNw!5e0!3m2!1sel!2sgr!4v1687860878266!5m2!1sel!2sgr\" width=\"100%\" height=\"450\" style=\"border:0;\" allowfullscreen=\"\" loading=\"lazy\" referrerpolicy=\"no-referrer-when-downgrade\"><\/iframe><\/div><div class=\"w-text us_custom_0279a88f icon_atleft\"><span class=\"w-text-h\"><i class=\"far fa-map-marker-alt\"><\/i><span class=\"w-text-value\">Ionidon 105B, Agios Vasileios, Pir\u00e9e<\/span><\/span><\/div><div class=\"w-text us_custom_0279a88f icon_atleft\"><a href=\"tel:00302104523809\" class=\"w-text-h\"><i class=\"far fa-phone-alt\"><\/i><span class=\"w-text-value\">+(30) 210 452 3809<\/span><\/a><\/div><\/div><\/div><\/div><div class=\"vc_col-sm-6 wpb_column vc_column_container\"><div class=\"vc_column-inner us_custom_7c5e814b\"><div class=\"wpb_wrapper\"><div class=\"w-text us_custom_5207a65e has_text_color\"><span class=\"w-text-h\"><span class=\"w-text-value\">Notre bureau \u00e0 Keratea, Attique<\/span><\/span><\/div><div class=\"w-html\"><iframe src=\"https:\/\/www.google.com\/maps\/embed?pb=!1m18!1m12!1m3!1d87320.82510217275!2d23.932227340801216!3d37.79710536639218!2m3!1f0!2f0!3f0!3m2!1i1024!2i768!4f13.1!3m3!1m2!1s0x14a18d13b98e60a5%3A0x78f256e36eab8dfa!2zzpXPhc61z4HOs86tz4TOtyDOms-Jzr3Pg8-EzrHOvc-Ezq_Ovc6_z4UgzqDPgc6vz4bPhM63IDk1LCDOms61z4HOsc-Ezq3OsSAxOTAgMDE!5e0!3m2!1sel!2sgr!4v1758178972480!5m2!1sel!2sgr\" width=\"100%\" height=\"450\" style=\"border:0;\" allowfullscreen=\"\" loading=\"lazy\" referrerpolicy=\"no-referrer-when-downgrade\"><\/iframe><\/div><div class=\"w-text us_custom_0279a88f icon_atleft\"><span class=\"w-text-h\"><i class=\"far fa-map-marker-alt\"><\/i><span class=\"w-text-value\">Evergeti Konstantinou Prifti 95, Keratea, Attique<\/span><\/span><\/div><div class=\"w-text us_custom_0279a88f icon_atleft\"><a href=\"tel:00302299066252\" class=\"w-text-h\"><i class=\"far fa-phone-alt\"><\/i><span class=\"w-text-value\">+(30) 229 906 6252<\/span><\/a><\/div><\/div><\/div><\/div><\/div><\/div><\/div><\/div><\/div><\/div><\/section><section class=\"l-section wpb_row height_medium\"><div class=\"l-section-h i-cf\"><div class=\"g-cols vc_row via_flex valign_top type_default stacking_default\"><div class=\"vc_col-sm-6 wpb_column vc_column_container\"><div class=\"vc_column-inner\"><div class=\"wpb_wrapper\">[vc_custom_heading text=\u00a0\u00bbInformations de contact\u00a0\u00bb use_theme_fonts=\u00a0\u00bbyes\u00a0\u00bb]<div class=\"w-text us_custom_e08ec18b icon_atleft\"><a href=\"tel:+306972580941\" class=\"w-text-h\"><i class=\"far fa-mobile\"><\/i><span class=\"w-text-value\">+(30) 697 258 0941<\/span><\/a><\/div><div class=\"w-text us_custom_e08ec18b icon_atleft\"><a href=\"tel:+306974968150\" class=\"w-text-h\"><i class=\"far fa-mobile\"><\/i><span class=\"w-text-value\">+(30) 6974 968 150<\/span><\/a><\/div><div class=\"w-text us_custom_e08ec18b icon_atleft\"><a href=\"mailto:info@kontoyannilawfirm.gr\" class=\"w-text-h\"><i class=\"far fa-envelope\"><\/i><span class=\"w-text-value\">info@kontoyannilawfirm.gr<\/span><\/a><\/div><div class=\"w-text us_custom_ccdfeab1 icon_atleft\"><span class=\"w-text-h\"><i class=\"far fa-clock\"><\/i><span class=\"w-text-value\">Horaires d&rsquo;ouverture du bureau :<\/span><\/span><\/div><div class=\"wpb_text_column us_custom_ea76afbe\"><div class=\"wpb_wrapper\"><p>Lundi &#8211; Vendredi : 9h00 \u2013 21h00<br \/>\nSamedi : Ferm\u00e9<br \/>\nDimanche : Ferm\u00e9<\/p>\n<ul>\n<li>Les rencontres avec le client aux heures indiqu\u00e9es se font toujours sur rendez-vous.<\/li>\n<li>Vous pouvez aussi planifier votre rendez-vous via la plateforme de Google meeting.<\/li>\n<\/ul>\n<\/div><\/div><\/div><\/div><\/div><div class=\"vc_col-sm-6 wpb_column vc_column_container\"><div class=\"vc_column-inner\"><div class=\"wpb_wrapper\">[vc_custom_heading text=\u00a0\u00bbFormulaire de contact\u00a0\u00bb use_theme_fonts=\u00a0\u00bbyes\u00a0\u00bb]<form class=\"w-form  us-field-style_1 layout_ver for_cform us_form_1\" autocomplete=\"off\" action=\"https:\/\/kontoyannilawfirm.gr\/fr\/wp-json\/wp\/v2\/pages\/746\" method=\"post\"><div class=\"w-form-h\"><div class=\"w-form-row for_text has_label required\">\r\n\t\t\t<div class=\"w-form-row-label\">\r\n\t\t\t<span>Nom et pr\u00e9nom *<\/span>\r\n\t\t<\/div>\r\n\t\t<div class=\"w-form-row-field\">\r\n\t\t\t\t\t\t<input aria-label=\"Nom et pr\u00e9nom\" type=\"text\" name=\"us_form_1_text_1\" value placeholder data-required=\"true\" aria-required=\"true\"\/>\r\n\t\t\t<\/div>\r\n\t\t<div class=\"w-form-row-state\">Vous devez remplir ce champ<\/div>\r\n<\/div>\r\n<div class=\"w-form-row for_email has_label required\">\r\n\t\t\t<div class=\"w-form-row-label\">\r\n\t\t\t<span>Email *<\/span>\r\n\t\t<\/div>\r\n\t\t<div class=\"w-form-row-field\">\r\n\t\t\t\t\t\t<input aria-label=\"Email\" type=\"email\" name=\"us_form_1_email_1\" value placeholder data-required=\"true\" aria-required=\"true\"\/>\r\n\t\t\t<\/div>\r\n\t\t<div class=\"w-form-row-state\">Veuillez saisir une adresse e-mail valide.<\/div>\r\n<\/div>\r\n<div class=\"w-form-row for_select has_label\">\r\n\t\t\t<div class=\"w-form-row-label\">\r\n\t\t\t<span>Affaire<\/span>\r\n\t\t<\/div>\r\n\t\t<div class=\"w-form-row-field\">\r\n\t\t\t\t\t\t<select aria-label=\"Affaire\" name=\"us_form_1_select_1\">\r\n\t\t\t<option value=\"Droit civil\">Droit civil<\/option><option value=\"Droit de Cadastre\">Droit de Cadastre<\/option><option value=\"Droit maritime\">Droit maritime<\/option><option value=\"Droit Commercial\">Droit Commercial<\/option><option value=\"Mesures de s\u00e9curit\u00e9\">Mesures de s\u00e9curit\u00e9<\/option>\t\t<\/select>\r\n\t\t\t<\/div>\r\n\t\t<div class=\"w-form-row-state\">S\u00e9lectionner une option<\/div>\r\n<\/div>\r\n<div class=\"w-form-row for_textarea has_label required\">\r\n\t\t\t<div class=\"w-form-row-label\">\r\n\t\t\t<span>Message *<\/span>\r\n\t\t<\/div>\r\n\t\t<div class=\"w-form-row-field\">\r\n\t\t\t\t\t\t<textarea aria-label=\"Message\" name=\"us_form_1_textarea_1\" placeholder data-required=\"true\" aria-required=\"true\"><\/textarea>\r\n\t\t\t<\/div>\r\n\t\t<div class=\"w-form-row-state\">Vous devez remplir ce champ<\/div>\r\n<\/div>\r\n<input type=\"hidden\" name=\"action\" value=\"us_ajax_cform\" \/>\r\n<input type=\"hidden\" name=\"post_id\" value=\"0\" \/>\r\n<input type=\"hidden\" name=\"form_index\" value=\"1\" \/>\r\n<div class=\"w-form-row for_submit align_none\">\r\n\t<button class=\"w-btn  us-btn-style_1\" aria-label=\"Mission\" type=\"submit\">\r\n\t\t<span class=\"g-preloader type_1\"><\/span>\r\n\t\t\t\t<span class=\"w-btn-label\">Mission<\/span>\r\n\t\t\t<\/button>\r\n\t<\/div>\r\n<\/div><div class=\"w-form-message\"><\/div><div class=\"w-form-json hidden\" onclick='return {&quot;ajaxurl&quot;:&quot;https:\\\/\\\/kontoyannilawfirm.gr\\\/wp-admin\\\/admin-ajax.php&quot;,&quot;messages&quot;:{&quot;err_empty&quot;:&quot;Vous devez remplir ce champ&quot;,&quot;err_size&quot;:&quot;La taille du fichier ne peut pas d\\u00e9passer %s Mo&quot;,&quot;err_extension&quot;:&quot;Le type de fichier %s n&#039;est pas autoris\\u00e9&quot;,&quot;err_recaptcha_keys&quot;:&quot;Les cl\\u00e9s reCAPTCHA sont incorrectes&quot;}}'><\/div><\/form><\/div><\/div><\/div><\/div><\/div><\/section>\n","protected":false},"excerpt":{"rendered":"Notre bureau au Pir\u00e9eIonidon 105B, Agios Vasileios, Pir\u00e9e+(30) 210 452 3809Notre bureau \u00e0 Keratea, AttiqueEvergeti Konstantinou Prifti 95, Keratea, Attique+(30) 229 906 6252[vc_custom_heading text=\"Informations de contact\" use_theme_fonts=\"yes\"]+(30) 697 258 0941+(30) 6974 968 150info@kontoyannilawfirm.grHoraires d&rsquo;ouverture du bureau :Lundi &#8211; Vendredi : 9h00 \u2013 21h00 Samedi : Ferm\u00e9 Dimanche : Ferm\u00e9 Les rencontres avec le client aux...","protected":false},"author":2,"featured_media":0,"parent":0,"menu_order":0,"comment_status":"closed","ping_status":"closed","template":"","meta":{"footnotes":""},"class_list":["post-746","page","type-page","status-publish","hentry"],"jetpack_sharing_enabled":true,"_links":{"self":[{"href":"https:\/\/kontoyannilawfirm.gr\/fr\/wp-json\/wp\/v2\/pages\/746","targetHints":{"allow":["GET"]}}],"collection":[{"href":"https:\/\/kontoyannilawfirm.gr\/fr\/wp-json\/wp\/v2\/pages"}],"about":[{"href":"https:\/\/kontoyannilawfirm.gr\/fr\/wp-json\/wp\/v2\/types\/page"}],"author":[{"embeddable":true,"href":"https:\/\/kontoyannilawfirm.gr\/fr\/wp-json\/wp\/v2\/users\/2"}],"replies":[{"embeddable":true,"href":"https:\/\/kontoyannilawfirm.gr\/fr\/wp-json\/wp\/v2\/comments?post=746"}],"version-history":[{"count":9,"href":"https:\/\/kontoyannilawfirm.gr\/fr\/wp-json\/wp\/v2\/pages\/746\/revisions"}],"predecessor-version":[{"id":2048,"href":"https:\/\/kontoyannilawfirm.gr\/fr\/wp-json\/wp\/v2\/pages\/746\/revisions\/2048"}],"wp:attachment":[{"href":"https:\/\/kontoyannilawfirm.gr\/fr\/wp-json\/wp\/v2\/media?parent=746"}],"curies":[{"name":"wp","href":"https:\/\/api.w.org\/{rel}","templated":true}]}}