{"id":753,"date":"2023-11-06T12:59:45","date_gmt":"2023-11-06T10:59:45","guid":{"rendered":"https:\/\/kontoyannilawfirm.gr\/?page_id=753"},"modified":"2024-03-11T18:10:41","modified_gmt":"2024-03-11T16:10:41","slug":"actualites-juridiques","status":"publish","type":"page","link":"https:\/\/kontoyannilawfirm.gr\/fr\/actualites-juridiques\/","title":{"rendered":"Actualit\u00e9s juridiques"},"content":{"rendered":"<section class=\"l-section wpb_row height_medium\"><div class=\"l-section-h i-cf\"><div class=\"g-cols vc_row via_flex valign_top type_default stacking_default\"><div class=\"vc_col-sm-12 wpb_column vc_column_container\"><div class=\"vc_column-inner\"><div class=\"wpb_wrapper\"><div class=\"w-text us_custom_d6ccad83 has_text_color icon_atleft\"><span class=\"w-text-h\"><i class=\"fas fa-horizontal-rule\"><\/i><span class=\"w-text-value\">Actualit\u00e9s juridiques<\/span><\/span><\/div><div class=\"w-grid type_grid layout_286 cols_3 pagination_regular\" id=\"us_grid_1\" style=\"--columns:3;--gap:1.20rem;\" data-filterable=\"true\"><style>@media (max-width:1024px){#us_grid_1{--columns:2!important}}@media (max-width:1024px){#us_grid_1{--columns:1!important}}.layout_286 .w-grid-item-h{}.layout_286 .usg_post_image_1{transition-duration:0.3s;transform-origin:50% 50%;transform:scale(1) translate(0%,0%)}.layout_286 .w-grid-item-h:hover .usg_post_image_1{transform:scale(1) translate(0%,0%);opacity:0.85}.layout_286 .usg_post_image_1{margin-bottom:0.6rem!important}.layout_286 .usg_post_title_1{font-size:1.2rem!important;margin-bottom:0.3rem!important}<\/style><div class=\"w-grid-list\">\t<article class=\"w-grid-item size_1x1 post-2139 post type-post status-publish format-standard has-post-thumbnail hentry category-non-classifiee\" data-id=\"2139\">\r\n\t\t<div class=\"w-grid-item-h\">\r\n\t\t\t\t\t\t<div class=\"w-post-elm post_image usg_post_image_1 stretched\"><a href=\"https:\/\/kontoyannilawfirm.gr\/fr\/goldenvisagrece\/\" aria-label=\"Comment fonctionne le r\u00e9gime de la Golden Visa en Gr\u00e8ce?Quelles sont les conditions pr\u00e9vues par la loi?\"><img loading=\"lazy\" decoding=\"async\" width=\"1024\" height=\"683\" src=\"https:\/\/kontoyannilawfirm.gr\/wp-content\/uploads\/2025\/11\/2147837078-1024x683.jpg\" class=\"attachment-large size-large wp-post-image\" alt=\"\" srcset=\"https:\/\/kontoyannilawfirm.gr\/wp-content\/uploads\/2025\/11\/2147837078-1024x683.jpg 1024w, https:\/\/kontoyannilawfirm.gr\/wp-content\/uploads\/2025\/11\/2147837078-300x200.jpg 300w, https:\/\/kontoyannilawfirm.gr\/wp-content\/uploads\/2025\/11\/2147837078.jpg 1500w\" sizes=\"auto, (max-width: 1024px) 100vw, 1024px\" \/><\/a><\/div><h2 class=\"w-post-elm post_title usg_post_title_1 entry-title color_link_inherit\"><a href=\"https:\/\/kontoyannilawfirm.gr\/fr\/goldenvisagrece\/\">Comment fonctionne le r\u00e9gime de la Golden Visa en Gr\u00e8ce?Quelles sont les conditions pr\u00e9vues par la loi?<\/a><\/h2>\t\t<\/div>\r\n\t\t\t<\/article>\r\n\t<article class=\"w-grid-item size_1x1 post-1708 post type-post status-publish format-standard has-post-thumbnail hentry category-non-classifiee\" data-id=\"1708\">\r\n\t\t<div class=\"w-grid-item-h\">\r\n\t\t\t\t\t\t<div class=\"w-post-elm post_image usg_post_image_1 stretched\"><a href=\"https:\/\/kontoyannilawfirm.gr\/fr\/allagesklironomiko\/\" aria-label=\"Les changements \u00e0 venir dans le droit successoral+Nos 4 propositions sur le sujet.\"><img loading=\"lazy\" decoding=\"async\" width=\"1024\" height=\"683\" src=\"https:\/\/kontoyannilawfirm.gr\/wp-content\/uploads\/2024\/10\/1184-1024x683.jpg\" class=\"attachment-large size-large wp-post-image\" alt=\"\" srcset=\"https:\/\/kontoyannilawfirm.gr\/wp-content\/uploads\/2024\/10\/1184-1024x683.jpg 1024w, https:\/\/kontoyannilawfirm.gr\/wp-content\/uploads\/2024\/10\/1184-300x200.jpg 300w, https:\/\/kontoyannilawfirm.gr\/wp-content\/uploads\/2024\/10\/1184.jpg 1500w\" sizes=\"auto, (max-width: 1024px) 100vw, 1024px\" \/><\/a><\/div><h2 class=\"w-post-elm post_title usg_post_title_1 entry-title color_link_inherit\"><a href=\"https:\/\/kontoyannilawfirm.gr\/fr\/allagesklironomiko\/\">Les changements \u00e0 venir dans le droit successoral+Nos 4 propositions sur le sujet.<\/a><\/h2>\t\t<\/div>\r\n\t\t\t<\/article>\r\n\t<article class=\"w-grid-item size_1x1 post-1693 post type-post status-publish format-standard has-post-thumbnail hentry category-non-classifiee\" data-id=\"1693\">\r\n\t\t<div class=\"w-grid-item-h\">\r\n\t\t\t\t\t\t<div class=\"w-post-elm post_image usg_post_image_1 stretched\"><a href=\"https:\/\/kontoyannilawfirm.gr\/fr\/efesi\/\" aria-label=\"L&rsquo;appel dans les tribunaux grecs:Comment cela fonctionne-t-il pratiquement comme voie de recours?\"><img loading=\"lazy\" decoding=\"async\" width=\"1024\" height=\"683\" src=\"https:\/\/kontoyannilawfirm.gr\/wp-content\/uploads\/2024\/10\/47208-1024x683.jpg\" class=\"attachment-large size-large wp-post-image\" alt=\"\" srcset=\"https:\/\/kontoyannilawfirm.gr\/wp-content\/uploads\/2024\/10\/47208-1024x683.jpg 1024w, https:\/\/kontoyannilawfirm.gr\/wp-content\/uploads\/2024\/10\/47208-300x200.jpg 300w, https:\/\/kontoyannilawfirm.gr\/wp-content\/uploads\/2024\/10\/47208.jpg 1500w\" sizes=\"auto, (max-width: 1024px) 100vw, 1024px\" \/><\/a><\/div><h2 class=\"w-post-elm post_title usg_post_title_1 entry-title color_link_inherit\"><a href=\"https:\/\/kontoyannilawfirm.gr\/fr\/efesi\/\">L&rsquo;appel dans les tribunaux grecs:Comment cela fonctionne-t-il pratiquement comme voie de recours?<\/a><\/h2>\t\t<\/div>\r\n\t\t\t<\/article>\r\n\t<article class=\"w-grid-item size_1x1 post-1680 post type-post status-publish format-standard has-post-thumbnail hentry category-non-classifiee\" data-id=\"1680\">\r\n\t\t<div class=\"w-grid-item-h\">\r\n\t\t\t\t\t\t<div class=\"w-post-elm post_image usg_post_image_1 stretched\"><a href=\"https:\/\/kontoyannilawfirm.gr\/fr\/enoikiasiakinitou\/\" aria-label=\"Location immobili\u00e8re:10 informations utiles\/n\u00e9cessaires sur le sujet.\"><img loading=\"lazy\" decoding=\"async\" width=\"1024\" height=\"683\" src=\"https:\/\/kontoyannilawfirm.gr\/wp-content\/uploads\/2024\/10\/2147797615-1024x683.jpg\" class=\"attachment-large size-large wp-post-image\" alt=\"\" srcset=\"https:\/\/kontoyannilawfirm.gr\/wp-content\/uploads\/2024\/10\/2147797615-1024x683.jpg 1024w, https:\/\/kontoyannilawfirm.gr\/wp-content\/uploads\/2024\/10\/2147797615-300x200.jpg 300w, https:\/\/kontoyannilawfirm.gr\/wp-content\/uploads\/2024\/10\/2147797615.jpg 1500w\" sizes=\"auto, (max-width: 1024px) 100vw, 1024px\" \/><\/a><\/div><h2 class=\"w-post-elm post_title usg_post_title_1 entry-title color_link_inherit\"><a href=\"https:\/\/kontoyannilawfirm.gr\/fr\/enoikiasiakinitou\/\">Location immobili\u00e8re:10 informations utiles\/n\u00e9cessaires sur le sujet.<\/a><\/h2>\t\t<\/div>\r\n\t\t\t<\/article>\r\n\t<article class=\"w-grid-item size_1x1 post-1668 post type-post status-publish format-standard has-post-thumbnail hentry category-non-classifiee\" data-id=\"1668\">\r\n\t\t<div class=\"w-grid-item-h\">\r\n\t\t\t\t\t\t<div class=\"w-post-elm post_image usg_post_image_1 stretched\"><a href=\"https:\/\/kontoyannilawfirm.gr\/fr\/neoskok\/\" aria-label=\"Quelles sont les changements apport\u00e9s par le nouveau Code de la route?Que doivent savoir les conducteurs \u00e0 partir de maintenant?\"><img loading=\"lazy\" decoding=\"async\" width=\"1024\" height=\"683\" src=\"https:\/\/kontoyannilawfirm.gr\/wp-content\/uploads\/2024\/07\/46605-1024x683.jpg\" class=\"attachment-large size-large wp-post-image\" alt=\"\" srcset=\"https:\/\/kontoyannilawfirm.gr\/wp-content\/uploads\/2024\/07\/46605-1024x683.jpg 1024w, https:\/\/kontoyannilawfirm.gr\/wp-content\/uploads\/2024\/07\/46605-300x200.jpg 300w, https:\/\/kontoyannilawfirm.gr\/wp-content\/uploads\/2024\/07\/46605.jpg 1500w\" sizes=\"auto, (max-width: 1024px) 100vw, 1024px\" \/><\/a><\/div><h2 class=\"w-post-elm post_title usg_post_title_1 entry-title color_link_inherit\"><a href=\"https:\/\/kontoyannilawfirm.gr\/fr\/neoskok\/\">Quelles sont les changements apport\u00e9s par le nouveau Code de la route?Que doivent savoir les conducteurs \u00e0 partir de maintenant?<\/a><\/h2>\t\t<\/div>\r\n\t\t\t<\/article>\r\n\t<article class=\"w-grid-item size_1x1 post-1664 post type-post status-publish format-standard has-post-thumbnail hentry category-non-classifiee\" data-id=\"1664\">\r\n\t\t<div class=\"w-grid-item-h\">\r\n\t\t\t\t\t\t<div class=\"w-post-elm post_image usg_post_image_1 stretched\"><a href=\"https:\/\/kontoyannilawfirm.gr\/fr\/anilikoi\/\" aria-label=\"Mineurs:Comment les consid\u00e8re la loi?Quand peuvent-ils \u00eatre lib\u00e9r\u00e9s?\"><img loading=\"lazy\" decoding=\"async\" width=\"1024\" height=\"683\" src=\"https:\/\/kontoyannilawfirm.gr\/wp-content\/uploads\/2024\/10\/139638-1024x683.jpg\" class=\"attachment-large size-large wp-post-image\" alt=\"\" srcset=\"https:\/\/kontoyannilawfirm.gr\/wp-content\/uploads\/2024\/10\/139638-1024x683.jpg 1024w, https:\/\/kontoyannilawfirm.gr\/wp-content\/uploads\/2024\/10\/139638-300x200.jpg 300w, https:\/\/kontoyannilawfirm.gr\/wp-content\/uploads\/2024\/10\/139638.jpg 1500w\" sizes=\"auto, (max-width: 1024px) 100vw, 1024px\" \/><\/a><\/div><h2 class=\"w-post-elm post_title usg_post_title_1 entry-title color_link_inherit\"><a href=\"https:\/\/kontoyannilawfirm.gr\/fr\/anilikoi\/\">Mineurs:Comment les consid\u00e8re la loi?Quand peuvent-ils \u00eatre lib\u00e9r\u00e9s?<\/a><\/h2>\t\t<\/div>\r\n\t\t\t<\/article>\r\n<\/div><div class=\"w-grid-preloader\">\t<div class=\"g-preloader type_1\">\r\n\t\t<div><\/div>\r\n\t<\/div>\r\n\t<\/div>\t\t\t<nav class=\"pagination navigation\" role=\"navigation\">\r\n\t\t\t\t<div class=\"nav-links\">\r\n\t\t\t\t\t<span aria-current=\"page\" class=\"page-numbers current\"><span>1<\/span><\/span>\n<a class=\"page-numbers\" href=\"https:\/\/kontoyannilawfirm.gr\/fr\/wp-json\/wp\/v2\/pages\/753\/page\/2\/\"><span>2<\/span><\/a>\n<a class=\"page-numbers\" href=\"https:\/\/kontoyannilawfirm.gr\/fr\/wp-json\/wp\/v2\/pages\/753\/page\/3\/\"><span>3<\/span><\/a>\n<a class=\"page-numbers\" href=\"https:\/\/kontoyannilawfirm.gr\/fr\/wp-json\/wp\/v2\/pages\/753\/page\/4\/\"><span>4<\/span><\/a>\n<span class=\"page-numbers dots\">\u2026<\/span>\n<a class=\"page-numbers\" href=\"https:\/\/kontoyannilawfirm.gr\/fr\/wp-json\/wp\/v2\/pages\/753\/page\/9\/\"><span>9<\/span><\/a>\n<a class=\"next page-numbers\" href=\"https:\/\/kontoyannilawfirm.gr\/fr\/wp-json\/wp\/v2\/pages\/753\/page\/2\/\"><span>Suivant<\/span><\/a>\t\t\t\t<\/div>\r\n\t\t\t<\/nav>\r\n\t\t\t\t<div class=\"w-grid-json hidden\" onclick='return {&quot;action&quot;:&quot;us_ajax_grid&quot;,&quot;infinite_scroll&quot;:0,&quot;max_num_pages&quot;:9,&quot;pagination&quot;:&quot;regular&quot;,&quot;template_vars&quot;:{&quot;columns&quot;:&quot;3&quot;,&quot;exclude_items&quot;:&quot;none&quot;,&quot;img_size&quot;:&quot;default&quot;,&quot;ignore_items_size&quot;:0,&quot;items_layout&quot;:&quot;286&quot;,&quot;items_offset&quot;:&quot;1&quot;,&quot;load_animation&quot;:&quot;none&quot;,&quot;overriding_link&quot;:&quot;%7B%22url%22%3A%22%22%7D&quot;,&quot;post_id&quot;:0,&quot;query_args&quot;:{&quot;post_type&quot;:[&quot;post&quot;],&quot;post_status&quot;:[&quot;publish&quot;],&quot;posts_per_page&quot;:&quot;6&quot;},&quot;orderby_query_args&quot;:{&quot;orderby&quot;:{&quot;date&quot;:&quot;DESC&quot;}},&quot;type&quot;:&quot;grid&quot;,&quot;us_grid_post_type&quot;:&quot;post&quot;,&quot;us_grid_ajax_index&quot;:1,&quot;us_grid_filter_query_string&quot;:null,&quot;us_grid_index&quot;:1,&quot;page_args&quot;:[],&quot;lang&quot;:&quot;fr&quot;}}'><\/div>\r\n\t<\/div><\/div><\/div><\/div><\/div><\/div><\/section>\n","protected":false},"excerpt":{"rendered":"Apr\u00e8s les r\u00e9cents incidents impliquant des rixes entre mineurs, une discussion a commenc\u00e9 sur les sanctions inflig\u00e9es aux mineurs et la tol\u00e9rance de la loi \u00e0 leur \u00e9gard. Mais est-ce vraiment le cas ? Dans ce texte, nous allons examiner comment la loi traite les mineurs, quand ils peuvent \u00eatre incarc\u00e9r\u00e9s et dans quelles conditions...","protected":false},"author":2,"featured_media":0,"parent":0,"menu_order":0,"comment_status":"closed","ping_status":"closed","template":"","meta":{"footnotes":""},"class_list":["post-753","page","type-page","status-publish","hentry"],"jetpack_sharing_enabled":true,"_links":{"self":[{"href":"https:\/\/kontoyannilawfirm.gr\/fr\/wp-json\/wp\/v2\/pages\/753","targetHints":{"allow":["GET"]}}],"collection":[{"href":"https:\/\/kontoyannilawfirm.gr\/fr\/wp-json\/wp\/v2\/pages"}],"about":[{"href":"https:\/\/kontoyannilawfirm.gr\/fr\/wp-json\/wp\/v2\/types\/page"}],"author":[{"embeddable":true,"href":"https:\/\/kontoyannilawfirm.gr\/fr\/wp-json\/wp\/v2\/users\/2"}],"replies":[{"embeddable":true,"href":"https:\/\/kontoyannilawfirm.gr\/fr\/wp-json\/wp\/v2\/comments?post=753"}],"version-history":[{"count":3,"href":"https:\/\/kontoyannilawfirm.gr\/fr\/wp-json\/wp\/v2\/pages\/753\/revisions"}],"predecessor-version":[{"id":1180,"href":"https:\/\/kontoyannilawfirm.gr\/fr\/wp-json\/wp\/v2\/pages\/753\/revisions\/1180"}],"wp:attachment":[{"href":"https:\/\/kontoyannilawfirm.gr\/fr\/wp-json\/wp\/v2\/media?parent=753"}],"curies":[{"name":"wp","href":"https:\/\/api.w.org\/{rel}","templated":true}]}}