{"id":796,"date":"2023-11-06T15:35:34","date_gmt":"2023-11-06T13:35:34","guid":{"rendered":"https:\/\/kontoyannilawfirm.gr\/?page_id=796"},"modified":"2025-09-23T13:58:15","modified_gmt":"2025-09-23T10:58:15","slug":"prestations-de-service","status":"publish","type":"page","link":"https:\/\/kontoyannilawfirm.gr\/fr\/prestations-de-service\/","title":{"rendered":"Prestations de service"},"content":{"rendered":"<section class=\"l-section wpb_row us_custom_e2abd1ad height_medium\"><div class=\"l-section-overlay\" style=\"background:rgba(0,0,0,0.60)\"><\/div><div class=\"l-section-h i-cf\"><div class=\"g-cols vc_row via_flex valign_top type_default stacking_default\"><div class=\"vc_col-sm-12 wpb_column vc_column_container\"><div class=\"vc_column-inner\"><div class=\"wpb_wrapper\">[vc_custom_heading text=\u00a0\u00bbLes services que nous vous offrons\u00a0\u00bb use_theme_fonts=\u00a0\u00bbyes\u00a0\u00bb css=\u00a0\u00bb%7B%22default%22%3A%7B%22color%22%3A%22%23ffffff%22%2C%22font-size%22%3A%2248px%22%2C%22font-weight%22%3A%22400%22%2C%22margin-bottom%22%3A%220%22%7D%7D\u00a0\u00bb]<\/div><\/div><\/div><\/div><\/div><\/section><section class=\"l-section wpb_row us_custom_127b62cb height_medium\"><div class=\"l-section-h i-cf\"><div class=\"g-cols vc_row via_flex valign_top type_default stacking_default\"><div class=\"vc_col-sm-12 wpb_column vc_column_container\"><div class=\"vc_column-inner\"><div class=\"wpb_wrapper\"><div class=\"w-text us_custom_cdf83049 has_text_color\"><span class=\"w-text-h\"><span class=\"w-text-value\">Nous abordons les dossiers avec s\u00e9rieux, professionnalisme et toujours en fonction des besoins du client<\/span><\/span><\/div><div class=\"g-cols wpb_row us_custom_390a772b via_flex valign_top type_default stacking_default\"><div class=\"vc_col-sm-6 wpb_column vc_column_container hov-brd has-link\"><div class=\"vc_column-inner us_custom_815c1c57\"><div class=\"wpb_wrapper\"><div class=\"w-image us_custom_c0223bf0 align_center\"><div class=\"w-image-h\"><img decoding=\"async\" width=\"400\" height=\"400\" src=\"https:\/\/kontoyannilawfirm.gr\/wp-content\/uploads\/2025\/09\/dop-1.png\" class=\"attachment-large size-large\" alt=\"\" loading=\"lazy\" srcset=\"https:\/\/kontoyannilawfirm.gr\/wp-content\/uploads\/2025\/09\/dop-1.png 400w, https:\/\/kontoyannilawfirm.gr\/wp-content\/uploads\/2025\/09\/dop-1-300x300.png 300w, https:\/\/kontoyannilawfirm.gr\/wp-content\/uploads\/2025\/09\/dop-1-150x150.png 150w\" sizes=\"auto, (max-width: 400px) 100vw, 400px\" \/><\/div><\/div><div class=\"w-text us_custom_0cabc304 has_text_color\"><span class=\"w-text-h\"><span class=\"w-text-value\">Droit Civil<\/span><\/span><\/div><div class=\"wpb_text_column us_custom_6df4bc3a has_text_color\"><div class=\"wpb_wrapper\"><ul>\n<li>R\u00e9daction et r\u00e9vision de contrats<\/li>\n<li>Transferts et baux immobiliers<\/li>\n<li>Droit de propri\u00e9t\u00e9, y compris actions en revendication, actions possessoires et droits de voisinage<\/li>\n<li>Droit de la famille : divorce, autorit\u00e9 parentale et fixation de la pension alimentaire<\/li>\n<li>Droit des successions : acceptation ou renonciation \u00e0 l\u2019h\u00e9ritage<\/li>\n<\/ul>\n<\/div><\/div><\/div><\/div><a href=\"\/fr\/droit-civil\/\" class=\"vc_column-link smooth-scroll\" aria-label=\"Lien\"><\/a><\/div><div class=\"vc_col-sm-6 wpb_column vc_column_container hov-brd has-link\"><div class=\"vc_column-inner us_custom_815c1c57\"><div class=\"wpb_wrapper\"><div class=\"w-image us_custom_c0223bf0 align_center\"><div class=\"w-image-h\"><img decoding=\"async\" width=\"400\" height=\"400\" src=\"https:\/\/kontoyannilawfirm.gr\/wp-content\/uploads\/2025\/09\/dop-2.png\" class=\"attachment-large size-large\" alt=\"\" loading=\"lazy\" srcset=\"https:\/\/kontoyannilawfirm.gr\/wp-content\/uploads\/2025\/09\/dop-2.png 400w, https:\/\/kontoyannilawfirm.gr\/wp-content\/uploads\/2025\/09\/dop-2-300x300.png 300w, https:\/\/kontoyannilawfirm.gr\/wp-content\/uploads\/2025\/09\/dop-2-150x150.png 150w\" sizes=\"auto, (max-width: 400px) 100vw, 400px\" \/><\/div><\/div><div class=\"w-text us_custom_0cabc304 has_text_color\"><span class=\"w-text-h\"><span class=\"w-text-value\">Mesures Conservatoires de justice<\/span><\/span><\/div><div class=\"wpb_text_column us_custom_6df4bc3a has_text_color\"><div class=\"wpb_wrapper\"><ul>\n<li>Demandes et d\u00e9cisions de justice concernant les mesures conservatoires et ordonnances provisoires, si necessaire<\/li>\n<li>Validation et reconnaissance de testaments<\/li>\n<li>Inscription et radiation de pr\u00e9notations hypoth\u00e9caires<\/li>\n<li>D\u00e9livrance de certificats d\u2019h\u00e9r\u00e9dit\u00e9<\/li>\n<\/ul>\n<\/div><\/div><\/div><\/div><a href=\"\/fr\/mesures-conservatoires-de-justice\/\" class=\"vc_column-link smooth-scroll\" aria-label=\"Lien\"><\/a><\/div><\/div><div class=\"g-cols wpb_row us_custom_90204fb9 via_flex valign_top type_default stacking_default\"><div class=\"vc_col-sm-6 wpb_column vc_column_container hov-brd has-link\"><div class=\"vc_column-inner us_custom_815c1c57\"><div class=\"wpb_wrapper\"><div class=\"w-image us_custom_c0223bf0 align_center\"><div class=\"w-image-h\"><img decoding=\"async\" width=\"400\" height=\"400\" src=\"https:\/\/kontoyannilawfirm.gr\/wp-content\/uploads\/2025\/09\/dop-3.png\" class=\"attachment-large size-large\" alt=\"\" loading=\"lazy\" srcset=\"https:\/\/kontoyannilawfirm.gr\/wp-content\/uploads\/2025\/09\/dop-3.png 400w, https:\/\/kontoyannilawfirm.gr\/wp-content\/uploads\/2025\/09\/dop-3-300x300.png 300w, https:\/\/kontoyannilawfirm.gr\/wp-content\/uploads\/2025\/09\/dop-3-150x150.png 150w\" sizes=\"auto, (max-width: 400px) 100vw, 400px\" \/><\/div><\/div><div class=\"w-text us_custom_0cabc304 has_text_color\"><span class=\"w-text-h\"><span class=\"w-text-value\">Droit Maritime<\/span><\/span><\/div><div class=\"wpb_text_column us_custom_6df4bc3a has_text_color\"><div class=\"wpb_wrapper\"><ul>\n<li>Cr\u00e9ation de Soci\u00e9t\u00e9s Maritimes pour Yachts de Plaisance<\/li>\n<li>Accompagnement juridique continu durant toute la dur\u00e9e de vie de la soci\u00e9t\u00e9<\/li>\n<li>Transfert de navires et embarcations de tout type<\/li>\n<li>R\u00e9daction des statuts et transfert d\u2019actions de soci\u00e9t\u00e9s NEPA<\/li>\n<\/ul>\n<\/div><\/div><\/div><\/div><a href=\"\/fr\/droit-maritime\/\" class=\"vc_column-link smooth-scroll\" aria-label=\"Lien\"><\/a><\/div><div class=\"vc_col-sm-6 wpb_column vc_column_container hov-brd has-link\"><div class=\"vc_column-inner us_custom_815c1c57\"><div class=\"wpb_wrapper\"><div class=\"w-image us_custom_c0223bf0 align_center\"><div class=\"w-image-h\"><img decoding=\"async\" width=\"400\" height=\"400\" src=\"https:\/\/kontoyannilawfirm.gr\/wp-content\/uploads\/2025\/09\/dop-4.png\" class=\"attachment-large size-large\" alt=\"\" loading=\"lazy\" srcset=\"https:\/\/kontoyannilawfirm.gr\/wp-content\/uploads\/2025\/09\/dop-4.png 400w, https:\/\/kontoyannilawfirm.gr\/wp-content\/uploads\/2025\/09\/dop-4-300x300.png 300w, https:\/\/kontoyannilawfirm.gr\/wp-content\/uploads\/2025\/09\/dop-4-150x150.png 150w\" sizes=\"auto, (max-width: 400px) 100vw, 400px\" \/><\/div><\/div><div class=\"w-text us_custom_0cabc304 has_text_color\"><span class=\"w-text-h\"><span class=\"w-text-value\">Droit Cadastral<\/span><\/span><\/div><div class=\"wpb_text_column us_custom_6df4bc3a has_text_color\"><div class=\"wpb_wrapper\"><ul>\n<li>Rectification extrajudiciaire d\u2019erreurs manifestes<\/li>\n<li>Actions en rectification d\u2019inscriptions inexactes ou de biens enregistr\u00e9s comme \u00ab propri\u00e9taire inconnu \u00bb<\/li>\n<li>Contestations contre le refus d\u2019inscription de toute demande<\/li>\n<li>V\u00e9rification des extraits cadastraux et inscriptions<\/li>\n<li>Conseil et repr\u00e9sentation pour l\u2019enregistrement des droits r\u00e9els au registre cadastral<\/li>\n<\/ul>\n<\/div><\/div><\/div><\/div><a href=\"\/fr\/droit-cadastral\/\" class=\"vc_column-link smooth-scroll\" aria-label=\"Lien\"><\/a><\/div><\/div><div class=\"g-cols wpb_row us_custom_90204fb9 via_flex valign_top type_default stacking_default\"><div class=\"vc_col-sm-6 wpb_column vc_column_container hov-brd has-link\"><div class=\"vc_column-inner us_custom_815c1c57\"><div class=\"wpb_wrapper\"><div class=\"w-image us_custom_c0223bf0 align_center\"><div class=\"w-image-h\"><img decoding=\"async\" width=\"400\" height=\"400\" src=\"https:\/\/kontoyannilawfirm.gr\/wp-content\/uploads\/2025\/09\/dop-5.png\" class=\"attachment-large size-large\" alt=\"\" loading=\"lazy\" srcset=\"https:\/\/kontoyannilawfirm.gr\/wp-content\/uploads\/2025\/09\/dop-5.png 400w, https:\/\/kontoyannilawfirm.gr\/wp-content\/uploads\/2025\/09\/dop-5-300x300.png 300w, https:\/\/kontoyannilawfirm.gr\/wp-content\/uploads\/2025\/09\/dop-5-150x150.png 150w\" sizes=\"auto, (max-width: 400px) 100vw, 400px\" \/><\/div><\/div><div class=\"w-text us_custom_0cabc304 has_text_color\"><span class=\"w-text-h\"><span class=\"w-text-value\">Droit Commercial<\/span><\/span><\/div><div class=\"wpb_text_column us_custom_6df4bc3a has_text_color\"><div class=\"wpb_wrapper\"><ul>\n<li>R\u00e9daction et conclusion de baux commerciaux<\/li>\n<li>Ordonnances de paiement et restitution de locaux lou\u00e9s<\/li>\n<li>Constitution de soci\u00e9t\u00e9s en nom collectif et en commandite simple<\/li>\n<li>Examen des statuts de soci\u00e9t\u00e9s et conseil juridique permanent aux associ\u00e9s<\/li>\n<\/ul>\n<\/div><\/div><\/div><\/div><a href=\"\/fr\/droit-commercial\/\" class=\"vc_column-link smooth-scroll\" aria-label=\"Lien\"><\/a><\/div><div class=\"vc_col-sm-6 wpb_column vc_column_container has_bg_color\"><div class=\"vc_column-inner us_custom_6a9dbd09\"><div class=\"wpb_wrapper\"><\/div><\/div><\/div><\/div><div class=\"w-text us_custom_5c5726df has_text_color\"><span class=\"w-text-h\"><span class=\"w-text-value\">Nous sommes en mesure de prendre en charge et de mener \u00e0 bien votre dossier \u00e0 distance, m\u00eame si vous n\u2019 \u00eates pas en Gr\u00e8ce.<\/span><\/span><\/div><\/div><\/div><\/div><\/div><\/div><\/section><section class=\"l-section wpb_row height_medium\"><div class=\"l-section-h i-cf\"><div class=\"g-cols vc_row via_flex valign_top type_default stacking_default\"><div class=\"vc_col-sm-12 wpb_column vc_column_container\"><div class=\"vc_column-inner\"><div class=\"wpb_wrapper\"><\/div><\/div><\/div><\/div><\/div><\/section>\n","protected":false},"excerpt":{"rendered":"[vc_custom_heading text=\"Les services que nous vous offrons\" use_theme_fonts=\"yes\" css=\"%7B%22default%22%3A%7B%22color%22%3A%22%23ffffff%22%2C%22font-size%22%3A%2248px%22%2C%22font-weight%22%3A%22400%22%2C%22margin-bottom%22%3A%220%22%7D%7D\"]Nous abordons les dossiers avec s\u00e9rieux, professionnalisme et toujours en fonction des besoins du clientDroit Civil R\u00e9daction et r\u00e9vision de contrats Transferts et baux immobiliers Droit de propri\u00e9t\u00e9, y compris actions en revendication, actions possessoires et droits de voisinage Droit de la famille : divorce, autorit\u00e9 parentale...","protected":false},"author":2,"featured_media":0,"parent":0,"menu_order":0,"comment_status":"closed","ping_status":"closed","template":"","meta":{"footnotes":""},"class_list":["post-796","page","type-page","status-publish","hentry"],"jetpack_sharing_enabled":true,"_links":{"self":[{"href":"https:\/\/kontoyannilawfirm.gr\/fr\/wp-json\/wp\/v2\/pages\/796","targetHints":{"allow":["GET"]}}],"collection":[{"href":"https:\/\/kontoyannilawfirm.gr\/fr\/wp-json\/wp\/v2\/pages"}],"about":[{"href":"https:\/\/kontoyannilawfirm.gr\/fr\/wp-json\/wp\/v2\/types\/page"}],"author":[{"embeddable":true,"href":"https:\/\/kontoyannilawfirm.gr\/fr\/wp-json\/wp\/v2\/users\/2"}],"replies":[{"embeddable":true,"href":"https:\/\/kontoyannilawfirm.gr\/fr\/wp-json\/wp\/v2\/comments?post=796"}],"version-history":[{"count":8,"href":"https:\/\/kontoyannilawfirm.gr\/fr\/wp-json\/wp\/v2\/pages\/796\/revisions"}],"predecessor-version":[{"id":2032,"href":"https:\/\/kontoyannilawfirm.gr\/fr\/wp-json\/wp\/v2\/pages\/796\/revisions\/2032"}],"wp:attachment":[{"href":"https:\/\/kontoyannilawfirm.gr\/fr\/wp-json\/wp\/v2\/media?parent=796"}],"curies":[{"name":"wp","href":"https:\/\/api.w.org\/{rel}","templated":true}]}}